{"id":15179,"date":"2020-10-06T23:19:11","date_gmt":"2020-10-06T23:19:11","guid":{"rendered":"https:\/\/fleetcapitalgroup.com\/supply-chain-finance\/"},"modified":"2020-10-20T21:26:29","modified_gmt":"2020-10-20T21:26:29","slug":"supply-chain-finance","status":"publish","type":"page","link":"https:\/\/fleetcapitalgroup.com\/de\/supply-chain-finance\/","title":{"rendered":"Finanzierung der Lieferkette"},"content":{"rendered":"<p>[vc_row gap=&#8220;80&#8243; css=&#8220;.vc_custom_1530533604775{padding-top: 40px !important;padding-bottom: 40px !important;}&#8220;][vc_column width=&#8220;2\/3&#8243;]<h3 id=\"et-animated-title-1\" class=\"et-animated-title et-clearfix  letter-direct\" data-mobile-font=\"inherit\" data-tablet-font=\"inherit\" data-delay=\"200\" style=\"font-size:24px;font-weight:700;line-height:32px;color:#fd8c40;\"><span class=\"text-wrapper\"><span class=\"text\">Finanzierung<\/span><\/span><\/h3><div class=\"gap et-clearfix \" style=\"height:2px\"><\/div><h3 id=\"et-animated-title-2\" class=\"et-animated-title et-clearfix  words-direct\" data-mobile-font=\"24px\" data-tablet-font=\"32px\" data-delay=\"\" style=\"font-size:48px;font-weight:700;line-height:56px;color:#212121;\"><span class=\"text-wrapper\"><span class=\"text\">Schalten Sie Ihr Wachstumspotenzial frei<\/span><\/span><\/h3><div class=\"gap et-clearfix \" style=\"height:32px\"><\/div><div class=\"et-simple-braket-block-wrapper\"><style>#et-simple-braket-block-1 .braket-text {font-size:24px;font-weight:400;line-height:32px;}#et-simple-braket-block-1 .braket > div  {background-color:#fd8c40;}<\/style><div id=\"et-simple-braket-block-1\" class=\"et-simple-braket-block \"><div class=\"braket\"><div><\/div><div><\/div><div><\/div><\/div><div class=\"braket-text\" data-mobile-font=\"inherit\" data-tablet-font=\"inherit\">Erfahren Sie, wie Supply Chain Finance von Fleet Capital Group Betriebskapital aus Ihrer Lieferkette befreien, Kosten senken und das Gesch\u00e4ftswachstum beschleunigen kann.<\/div><\/div><\/div><div class=\"gap et-clearfix \" style=\"height:32px\"><\/div>[vc_column_text]Da sich globale Lieferketten weltweit mit multinationalen K\u00e4ufern auf der einen Seite und einer vielf\u00e4ltigen Gruppe von Lieferanten in zahlreichen L\u00e4ndern auf der anderen Seite erstrecken, stehen Unternehmen unter dem Druck, das in ihren Lieferketten eingeschlossene Betriebskapital freizusetzen. Supply Chain Finance, auch als Lieferantenfinanzierung oder Reverse Factoring bezeichnet, ist eine Reihe von L\u00f6sungen, die den Cashflow optimieren, indem Unternehmen ihre Zahlungsbedingungen f\u00fcr ihre Lieferanten verl\u00e4ngern und ihren gro\u00dfen und mittelst\u00e4ndischen Lieferanten die M\u00f6glichkeit bieten, fr\u00fchzeitig bezahlt zu werden. Dies f\u00fchrt zu einer Win-Win-Situation f\u00fcr K\u00e4ufer und Lieferant. Der K\u00e4ufer optimiert das Betriebskapital und der Lieferant generiert zus\u00e4tzlichen operativen Cashflow, wodurch das Risiko in der gesamten Lieferkette minimiert wird.[\/vc_column_text][\/vc_column][vc_column animation_delay=&#8220;0&#8243; width=&#8220;1\/3&#8243; css=&#8220;.vc_custom_1530279884745{border-left-width: 1px !important;padding-left: 20% !important;border-left-color: #e0e0e0 !important;border-left-style: solid !important;border-radius: 1px !important;}&#8220; el_class=&#8220;et-element-column-with-border-left&#8220;][vc_widget_sidebar sidebar_id=&#8220;footer-5&#8243;][\/vc_column][\/vc_row][vc_row full_width=&#8220;stretch_row&#8220; gap=&#8220;40&#8243; css=&#8220;.vc_custom_1603169889255{padding-top: 96px !important;padding-bottom: 72px !important;background: #f5f5f5 url(https:\/\/fleetcapitalgroup.com\/wp-content\/uploads\/2018\/07\/banner1.jpg?id=12152) !important;background-position: center !important;background-repeat: no-repeat !important;background-size: cover !important;}&#8220;][vc_column animation_delay=&#8220;0&#8243; css_animation=&#8220;bottom-to-top&#8220; css=&#8220;.vc_custom_1532433578210{padding-top: 40px !important;padding-right: 40px !important;padding-bottom: 40px !important;padding-left: 40px !important;background-color: #ffffff !important;}&#8220; el_class=&#8220;text-align-center&#8220; offset=&#8220;vc_col-lg-4 vc_col-md-4 vc_col-xs-12&#8243;]<div class=\"et-el-icon medium full\" style=\"color:#fd8c40;box-shadow:inset 0 0 0 4px #fd8c40;border-radius:500px;\"><span class=\"el-icon fa fa-check animate-false\"><\/span><\/div><div class=\"gap et-clearfix \" style=\"height:16px\"><\/div>[vc_column_text css=&#8220;.vc_custom_1603229029990{margin-bottom: 0px !important;}&#8220;]<\/p>\n<p style=\"text-align: center; font-size: 24px; font-weight: bold; line-height: 32px;\">Skalierbare Technologie<\/p>\n<p style=\"text-align: center;\">Eine anpassbare und nachhaltige L\u00f6sung kann in Zusammenarbeit mit Ihnen mit nahezu unbegrenzten geografischen Erweiterungsoptionen wachsen. Einfache ERP-Integration und Echtzeit-Einblick in Liquidit\u00e4ts- \/ Kreditlimits und den Forderungsstatus.<\/p>\n<p>[\/vc_column_text][\/vc_column][vc_column animation_delay=&#8220;150&#8243; css_animation=&#8220;bottom-to-top&#8220; el_class=&#8220;text-align-center&#8220; css=&#8220;.vc_custom_1532433590054{padding-top: 40px !important;padding-right: 40px !important;padding-bottom: 40px !important;padding-left: 40px !important;background-color: #ffffff !important;}&#8220; offset=&#8220;vc_col-lg-4 vc_col-md-4 vc_col-xs-12&#8243;]<div class=\"et-el-icon medium full\" style=\"color:#fd8c40;box-shadow:inset 0 0 0 4px #fd8c40;border-radius:500px;\"><span class=\"el-icon fa fa-check animate-false\"><\/span><\/div><div class=\"gap et-clearfix \" style=\"height:16px\"><\/div>[vc_column_text css=&#8220;.vc_custom_1603229061229{margin-bottom: 0px !important;}&#8220;]<\/p>\n<p style=\"text-align: center; font-size: 24px; font-weight: bold; line-height: 32px;\">Multi-Funder-Netzwerk<\/p>\n<p style=\"text-align: center;\">Das umfangreichste globale Netzwerk von Tausenden von Geldgebern. Der vielf\u00e4ltige Finanzierungspool erm\u00f6glicht marktgerechte Preise, erm\u00f6glicht eine breite Beteiligung der Lieferanten und verringert das Risiko eines Finanzierungsverlusts unter unvorhergesehenen Umst\u00e4nden.<\/p>\n<p>[\/vc_column_text][\/vc_column][vc_column animation_delay=&#8220;300&#8243; css_animation=&#8220;bottom-to-top&#8220; css=&#8220;.vc_custom_1532433601236{padding-top: 40px !important;padding-right: 40px !important;padding-bottom: 40px !important;padding-left: 40px !important;background-color: #ffffff !important;}&#8220; el_class=&#8220;text-align-center&#8220; offset=&#8220;vc_col-lg-4 vc_col-md-4 vc_col-xs-12&#8243;]<div class=\"et-el-icon medium full\" style=\"color:#fd8c40;box-shadow:inset 0 0 0 4px #fd8c40;border-radius:500px;\"><span class=\"el-icon fa fa-check animate-false\"><\/span><\/div><div class=\"gap et-clearfix \" style=\"height:16px\"><\/div>[vc_column_text css=&#8220;.vc_custom_1603229081367{margin-bottom: 0px !important;}&#8220;]<\/p>\n<p style=\"text-align: center; font-size: 24px; font-weight: bold; line-height: 32px;\">5 Sterne Service<\/p>\n<p style=\"text-align: center;\">Beschleunigte Lieferantenakzeptanz durch Onboarding der Fleet Capital Group mit anpassbaren Schulungsinhalten, gefolgt von lebenslangem 24-Stunden-Support und speziellen regionalen Supportteams f\u00fcr Lieferanten.<\/p>\n<p>[\/vc_column_text][\/vc_column][\/vc_row][vc_row gap=&#8220;80&#8243; css=&#8220;.vc_custom_1530533604775{padding-top: 40px !important;padding-bottom: 40px !important;}&#8220;][vc_column]<h3 id=\"et-animated-title-3\" class=\"et-animated-title et-clearfix  letter-direct\" data-mobile-font=\"inherit\" data-tablet-font=\"inherit\" data-delay=\"200\" style=\"font-size:24px;font-weight:700;line-height:32px;color:#fd8c40;\"><span class=\"text-wrapper\"><span class=\"text\">Wie funktioniert Finanzierung der Lieferkette?<\/span><\/span><\/h3><div class=\"gap et-clearfix \" style=\"height:32px\"><\/div><div class=\"et-simple-braket-block-wrapper\"><style>#et-simple-braket-block-2 .braket-text {font-size:24px;font-weight:400;line-height:32px;}#et-simple-braket-block-2 .braket > div  {background-color:#fd8c40;}<\/style><div id=\"et-simple-braket-block-2\" class=\"et-simple-braket-block \"><div class=\"braket\"><div><\/div><div><\/div><div><\/div><\/div><div class=\"braket-text\" data-mobile-font=\"inherit\" data-tablet-font=\"inherit\">Beide Seiten der Lieferkette profitieren von unserem strategischen Ansatz.<\/div><\/div><\/div><div class=\"gap et-clearfix \" style=\"height:32px\"><\/div>[vc_column_text]<\/p>\n<ul>\n<li>Der Lieferant sendet seine Rechnungen nach den geltenden Richtlinien und Methoden an den K\u00e4ufer.<\/li>\n<li>Der K\u00e4ufer genehmigt die Rechnungen und l\u00e4dt die genehmigten Rechnungsdaten (seine Verbindlichkeiten sowie alle anwendbaren Zahlungsverrechnungen wie Gutschriften \/ Lastschriften) auf unsere Plattform hoch.<\/li>\n<li>Der Lieferant kann sich jederzeit \u00fcber einen Webbrowser auf der Supply-Chain-Finance-Plattform anmelden, um alle genehmigten Rechnungen anzuzeigen. Der Lieferant darf nichts unternehmen und die Gelder werden am urspr\u00fcnglichen F\u00e4lligkeitstag direkt auf dem Bankkonto des Lieferanten abgerechnet, oder der Lieferant kann seine Forderungen gegen Vorauszahlung an einen Geldgeber auf unserer Plattform verkaufen oder &#8222;handeln&#8220;.<\/li>\n<li>Bei einem Handel vor F\u00e4lligkeit werden 100 Prozent der Rechnung &#8211; abz\u00fcglich einer geringen Finanzierungsgeb\u00fchr oder eines Rabatts &#8211; elektronisch auf das Bankkonto des Lieferanten \u00fcberwiesen. In den meisten F\u00e4llen wird der Lieferant am n\u00e4chsten Werktag bezahlt. Da die Mittel des Finanzinstituts auf der Grundlage des Zahlungsversprechens des K\u00e4ufers am urspr\u00fcnglichen F\u00e4lligkeitstag vorgezogen werden, basieren die Finanzierungss\u00e4tze nur auf dem Risiko des K\u00e4ufers, nicht auf dem des Lieferanten. Daher sind die Finanzierungsraten sehr attraktiv &#8211; etwa zehnmal niedriger als Factoring oder andere traditionelle Finanzierungsl\u00f6sungen.<\/li>\n<li>Bei F\u00e4lligkeit zahlt der K\u00e4ufer den vollen Rechnungsbetrag an den Lieferanten oder den jeweiligen Geldgeber auf unserer Plattform.<\/li>\n<\/ul>\n<p>[\/vc_column_text][\/vc_column][\/vc_row]<\/p>\n","protected":false},"excerpt":{"rendered":"<p>Leverage agile frameworks to provide a robust synopsis for high level overviews. Iterative approaches to corporate strategy foster collaborative thinking to further the overall value proposition. Organically grow the holistic world view of disruptive innovation via workplace diversity and empowerment.<\/p>\n","protected":false},"author":1,"featured_media":0,"parent":0,"menu_order":0,"comment_status":"closed","ping_status":"closed","template":"page-vc.php","meta":[],"_links":{"self":[{"href":"https:\/\/fleetcapitalgroup.com\/de\/wp-json\/wp\/v2\/pages\/15179"}],"collection":[{"href":"https:\/\/fleetcapitalgroup.com\/de\/wp-json\/wp\/v2\/pages"}],"about":[{"href":"https:\/\/fleetcapitalgroup.com\/de\/wp-json\/wp\/v2\/types\/page"}],"author":[{"embeddable":true,"href":"https:\/\/fleetcapitalgroup.com\/de\/wp-json\/wp\/v2\/users\/1"}],"replies":[{"embeddable":true,"href":"https:\/\/fleetcapitalgroup.com\/de\/wp-json\/wp\/v2\/comments?post=15179"}],"version-history":[{"count":3,"href":"https:\/\/fleetcapitalgroup.com\/de\/wp-json\/wp\/v2\/pages\/15179\/revisions"}],"predecessor-version":[{"id":15182,"href":"https:\/\/fleetcapitalgroup.com\/de\/wp-json\/wp\/v2\/pages\/15179\/revisions\/15182"}],"wp:attachment":[{"href":"https:\/\/fleetcapitalgroup.com\/de\/wp-json\/wp\/v2\/media?parent=15179"}],"curies":[{"name":"wp","href":"https:\/\/api.w.org\/{rel}","templated":true}]}}