{"id":15174,"date":"2020-10-06T23:18:51","date_gmt":"2020-10-06T23:18:51","guid":{"rendered":"https:\/\/fleetcapitalgroup.com\/trade-finance\/"},"modified":"2020-10-20T20:51:07","modified_gmt":"2020-10-20T20:51:07","slug":"trade-finance","status":"publish","type":"page","link":"https:\/\/fleetcapitalgroup.com\/de\/trade-finance\/","title":{"rendered":"Handelsfinanzierung"},"content":{"rendered":"<p>[vc_row gap=&#8220;80&#8243; css=&#8220;.vc_custom_1530533604775{padding-top: 40px !important;padding-bottom: 40px !important;}&#8220;][vc_column width=&#8220;2\/3&#8243;]<h3 id=\"et-animated-title-1\" class=\"et-animated-title et-clearfix  letter-direct\" data-mobile-font=\"inherit\" data-tablet-font=\"inherit\" data-delay=\"200\" style=\"font-size:24px;font-weight:700;line-height:32px;color:#fd8c40;\"><span class=\"text-wrapper\"><span class=\"text\">Finanzierung<\/span><\/span><\/h3><div class=\"gap et-clearfix \" style=\"height:2px\"><\/div><h3 id=\"et-animated-title-2\" class=\"et-animated-title et-clearfix  words-direct\" data-mobile-font=\"24px\" data-tablet-font=\"32px\" data-delay=\"\" style=\"font-size:48px;font-weight:700;line-height:56px;color:#212121;\"><span class=\"text-wrapper\"><span class=\"text\">Handelsfinanzierung f\u00fcr Rohstoffe<\/span><\/span><\/h3><div class=\"gap et-clearfix \" style=\"height:32px\"><\/div><div class=\"et-simple-braket-block-wrapper\"><style>#et-simple-braket-block-1 .braket-text {font-size:24px;font-weight:400;line-height:32px;}#et-simple-braket-block-1 .braket > div  {background-color:#fd8c40;}<\/style><div id=\"et-simple-braket-block-1\" class=\"et-simple-braket-block \"><div class=\"braket\"><div><\/div><div><\/div><div><\/div><\/div><div class=\"braket-text\" data-mobile-font=\"inherit\" data-tablet-font=\"inherit\">Der weltweite Mangel an Handelsfinanzierungen dr\u00fcckt kleine Unternehmen weltweit nieder, und da 60% der KMU keine Finanzierung erhalten k\u00f6nnen, ist Handelsfinanzierung von entscheidender Bedeutung und wir liefern. Auch wenn Sie anderswo abgelehnt wurden, k\u00f6nnen wir die Handelsfinanzierung bereitstellen, die Sie ben\u00f6tigen.<\/div><\/div><\/div><div class=\"gap et-clearfix \" style=\"height:32px\"><\/div>[vc_column_text]Trade Finance ist wichtig f\u00fcr jedes Unternehmen, das am grenz\u00fcberschreitenden Handel beteiligt ist. Angesichts des weltweiten Mangels an Handelsfinanzierungen, der sich auf kleine Unternehmen und Kapitalm\u00e4rkte auf der ganzen Welt auswirkt, ist es wichtiger denn je, Handelsfinanzierungen zu finden, um Ihre Gesch\u00e4fte zu finanzieren und die von Ihnen ben\u00f6tigten Beratungsdienste bereitzustellen. Global Trade Funding bietet die Art innovativer Handelsfinanzierungsl\u00f6sungen, die Ihr Unternehmen ben\u00f6tigt. Jede dieser L\u00f6sungen ist so strukturiert, dass sie Ihr Risiko begrenzen und Ihre Unternehmen rentabler machen. Wir k\u00f6nnen dies heute tun. Wir sind bestrebt, unsere Kunden durch diesen Finanzierungsengpass zu begleiten, indem wir sicherstellen, dass sie immer \u00fcber die Handelsfinanzierung verf\u00fcgen, die sie ben\u00f6tigen.<\/p>\n<p>Wir bringen jahrzehntelange internationale Handelsfinanzierungskompetenz in jede Transaktion ein und bieten Einzelpersonen, Unternehmen, Regierungen und NGOs auf der ganzen Welt reale Handelsfinanzierungsl\u00f6sungen mit einer Reihe von Finanzierungsoptionen. Wir arrangieren Handelsfinanzierungen \u00fcber unsere strategischen Partner und ein Netzwerk von Einzel-, Unternehmens-, privaten und institutionellen Kreditgebern, einschlie\u00dflich Investmentbanken, Handelsbanken, Privatbanken, Trusts und anderen Kreditinstituten. Unser Team von erfahrenen Fachleuten arbeitet nahtlos daran, die globale Gesch\u00e4ftst\u00e4tigkeit einfacher und rentabler zu gestalten, indem es die von Ihnen ben\u00f6tigten Handelsfinanzierungsl\u00f6sungen bereitstellt.[\/vc_column_text][\/vc_column][vc_column animation_delay=&#8220;0&#8243; width=&#8220;1\/3&#8243; css=&#8220;.vc_custom_1530279884745{border-left-width: 1px !important;padding-left: 20% !important;border-left-color: #e0e0e0 !important;border-left-style: solid !important;border-radius: 1px !important;}&#8220; el_class=&#8220;et-element-column-with-border-left&#8220;][vc_widget_sidebar sidebar_id=&#8220;footer-5&#8243;][\/vc_column][\/vc_row][vc_row][vc_column]<div class=\"sep-wrap left   et-clearfix\" data-delay=\"0\"><div class=\"et-separator solid\" style=\"height:1px;width:100%;border-bottom-width:1px;border-bottom-style:solid;border-bottom-color:#e0e0e0;\"><\/div><\/div>[\/vc_column][\/vc_row][vc_row gap=&#8220;80&#8243; css=&#8220;.vc_custom_1530533604775{padding-top: 40px !important;padding-bottom: 40px !important;}&#8220;][vc_column]<h3 id=\"et-animated-title-3\" class=\"et-animated-title et-clearfix  letter-direct\" data-mobile-font=\"inherit\" data-tablet-font=\"inherit\" data-delay=\"200\" style=\"font-size:24px;font-weight:700;line-height:32px;color:#fd8c40;\"><span class=\"text-wrapper\"><span class=\"text\">Unser Angebot<\/span><\/span><\/h3><div class=\"gap et-clearfix \" style=\"height:2px\"><\/div><h3 id=\"et-animated-title-4\" class=\"et-animated-title et-clearfix  words-direct\" data-mobile-font=\"20px\" data-tablet-font=\"20px\" data-delay=\"\" style=\"font-size:24pxpx;font-weight:600;line-height:56px;color:#212121;\"><span class=\"text-wrapper\"><span class=\"text\">\u00dcberblick \u00fcber die von uns angebotenen Rohstofffinanzierungen<\/span><\/span><\/h3><div class=\"gap et-clearfix \" style=\"height:32px\"><\/div>[vc_column_text]Commodity Finance ist ein Spezialgebiet der Handelsfinanzierung, das zur Finanzierung der Produktion, des Transports und des Verkaufs von Waren verwendet wird. Commodity Finance bietet in erster Linie kurzfristige Finanzierungsm\u00f6glichkeiten f\u00fcr eine Reihe von Auftraggebern im Rohstoffgesch\u00e4ft, darunter Produzenten, Rohstoffh\u00e4ndler und gro\u00dfe internationale Handelsunternehmen, Rohstoffimporteure und Rohstoffexporteure.<\/p>\n<p>Rohstofffinanzierungsfazilit\u00e4ten k\u00f6nnen abh\u00e4ngig von unserer Einsch\u00e4tzung der St\u00e4rke des Kreditnehmers und der Struktur und Rentabilit\u00e4t des zugrunde liegenden Gesch\u00e4fts besichert oder ungesichert sein. Rohstofffinanzierung ist eine zu weit gefasste Aussage, da es im Rohstofflebenszyklus tats\u00e4chlich vier verschiedene Finanzierungen gibt, wie in der folgenden Tabelle dargestellt.<\/p>\n<h4 class=\"fusion-responsive-typography-calculated\" data-fontsize=\"20\" data-lineheight=\"24px\">Arten von Waren<\/h4>\n<p>Rohstoffe werden in der Regel je nach Art des Produkts in vier Unterkategorien unterteilt.<\/p>\n<ol>\n<li>Bergbau und Metalle<\/li>\n<li>\u00d6l und Gas<\/li>\n<li>Soft Commodities<\/li>\n<li>Vieh<\/li>\n<\/ol>\n<h4>Rohstofffinanzierung, die wir anbieten<\/h4>\n<p>Global Fleet Trade Funding bietet weltweite Handelsfinanzierungs- und Rohstofffinanzierungsdienstleistungen an und bietet umfassende Rohstofffinanzierungsl\u00f6sungen f\u00fcr den internationalen Rohstoffhandelsmarkt. Wir bringen jahrzehntelange Erfahrung in der Handels- und Rohstofffinanzierung in jede Transaktion ein, an der wir beteiligt sind, und wir sind au\u00dfergew\u00f6hnlich in dem, was wir tun. Wir bieten unseren Kunden eine umfassende Palette von Rohstofffinanzierungsl\u00f6sungen, einschlie\u00dflich Pre-Export-Finanzierung, Versandfinanzierung und von Exportkreditagenturen unterst\u00fctzter Finanzierung.[\/vc_column_text][\/vc_column][\/vc_row]<\/p>\n","protected":false},"excerpt":{"rendered":"<p>Leverage agile frameworks to provide a robust synopsis for high level overviews. Iterative approaches to corporate strategy foster collaborative thinking to further the overall value proposition. Organically grow the holistic world view of disruptive innovation via workplace diversity and empowerment.<\/p>\n","protected":false},"author":1,"featured_media":0,"parent":0,"menu_order":0,"comment_status":"closed","ping_status":"closed","template":"page-vc.php","meta":[],"_links":{"self":[{"href":"https:\/\/fleetcapitalgroup.com\/de\/wp-json\/wp\/v2\/pages\/15174"}],"collection":[{"href":"https:\/\/fleetcapitalgroup.com\/de\/wp-json\/wp\/v2\/pages"}],"about":[{"href":"https:\/\/fleetcapitalgroup.com\/de\/wp-json\/wp\/v2\/types\/page"}],"author":[{"embeddable":true,"href":"https:\/\/fleetcapitalgroup.com\/de\/wp-json\/wp\/v2\/users\/1"}],"replies":[{"embeddable":true,"href":"https:\/\/fleetcapitalgroup.com\/de\/wp-json\/wp\/v2\/comments?post=15174"}],"version-history":[{"count":3,"href":"https:\/\/fleetcapitalgroup.com\/de\/wp-json\/wp\/v2\/pages\/15174\/revisions"}],"predecessor-version":[{"id":15177,"href":"https:\/\/fleetcapitalgroup.com\/de\/wp-json\/wp\/v2\/pages\/15174\/revisions\/15177"}],"wp:attachment":[{"href":"https:\/\/fleetcapitalgroup.com\/de\/wp-json\/wp\/v2\/media?parent=15174"}],"curies":[{"name":"wp","href":"https:\/\/api.w.org\/{rel}","templated":true}]}}