{"id":15169,"date":"2020-10-06T23:07:34","date_gmt":"2020-10-06T23:07:34","guid":{"rendered":"https:\/\/fleetcapitalgroup.com\/power-and-renewable\/"},"modified":"2020-10-20T20:44:11","modified_gmt":"2020-10-20T20:44:11","slug":"power-and-renewable","status":"publish","type":"page","link":"https:\/\/fleetcapitalgroup.com\/de\/power-and-renewable\/","title":{"rendered":"Strom und erneuerbar"},"content":{"rendered":"<p>[vc_row gap=&#8220;80&#8243; css=&#8220;.vc_custom_1530533604775{padding-top: 40px !important;padding-bottom: 40px !important;}&#8220;][vc_column width=&#8220;2\/3&#8243;]<h3 id=\"et-animated-title-1\" class=\"et-animated-title et-clearfix  letter-direct\" data-mobile-font=\"inherit\" data-tablet-font=\"inherit\" data-delay=\"200\" style=\"font-size:24px;font-weight:700;line-height:32px;color:#fd8c40;\"><span class=\"text-wrapper\"><span class=\"text\">Handelsgesch\u00e4fte<\/span><\/span><\/h3><div class=\"gap et-clearfix \" style=\"height:2px\"><\/div><h3 id=\"et-animated-title-2\" class=\"et-animated-title et-clearfix  words-direct\" data-mobile-font=\"24px\" data-tablet-font=\"32px\" data-delay=\"\" style=\"font-size:48px;font-weight:700;line-height:56px;color:#212121;\"><span class=\"text-wrapper\"><span class=\"text\">Die Energie, Orte zu wachsen.<\/span><\/span><\/h3><div class=\"gap et-clearfix \" style=\"height:32px\"><\/div><div class=\"et-simple-braket-block-wrapper\"><style>#et-simple-braket-block-1 .braket-text {font-size:24px;font-weight:400;line-height:32px;}#et-simple-braket-block-1 .braket > div  {background-color:#fd8c40;}<\/style><div id=\"et-simple-braket-block-1\" class=\"et-simple-braket-block \"><div class=\"braket\"><div><\/div><div><\/div><div><\/div><\/div><div class=\"braket-text\" data-mobile-font=\"inherit\" data-tablet-font=\"inherit\">Die Fleet Capital Group ist ein bedeutender Teilnehmer auf dem europ\u00e4ischen und auch deutschen Strom- und erneuerbaren Markt.<\/div><\/div><\/div><div class=\"gap et-clearfix \" style=\"height:32px\"><\/div>[vc_column_text]Der Erfolg der Fleet Capital Group basiert auf unserer F\u00e4higkeit, traditionelle Lieferketten weiterzuentwickeln, um neue M\u00e4rkte zu erschlie\u00dfen. Dieses Fachwissen ist in der sich wandelnden Energielandschaft von heute von grundlegender Bedeutung.<\/p>\n<p>Wir bauen unsere Pr\u00e4senz und Position im sich schnell entwickelnden Strom- und erneuerbaren Sektor durch eine Reihe strategischer, gezielter Engagements aus.<\/p>\n<h4>Handel mit Strom und erneuerbaren Energien<\/h4>\n<p>Unser Handelsschalter f\u00fcr Strom und erneuerbare Energien baut auf unseren F\u00e4higkeiten und unserem Verst\u00e4ndnis f\u00fcr andere Energiem\u00e4rkte auf.<\/p>\n<p>Wir bauen eine aktive Pr\u00e4senz auf, indem wir wichtige Derivatekontrakte haupts\u00e4chlich auf europ\u00e4ischen M\u00e4rkten handeln. Diese Aktivit\u00e4t erg\u00e4nzt das Wachstum der physischen Transaktionen, da sich die Nachfrage nach H\u00e4ndler- und Vermittlungsdiensten auf den Stromm\u00e4rkten entwickelt.<\/p>\n<h4>In erneuerbare Energien investieren<\/h4>\n<p>Unsere Teams setzen sich f\u00fcr die Weiterentwicklung der Solarenergie ein. Als integrierter Betreiber sind wir jetzt in der gesamten Wertsch\u00f6pfungskette der Photovoltaik-Solarbranche pr\u00e4sent, von der Zellherstellung \u00fcber die Speicherung von Solarenergie bis hin zum Stromverkauf. Wir entwickeln und betreiben auch gro\u00dfe Solaranlagen und dezentrale Systeme in den H\u00e4usern, Anlagen und B\u00fcros unserer Kunden.<\/p>\n<p>Wir investieren in die Entwicklung neuer Kapazit\u00e4ten zur Erzeugung erneuerbarer Energie auf der ganzen Welt und setzen uns daf\u00fcr ein, die Entstehung von Technologien zu f\u00f6rdern, die die Wettbewerbsf\u00e4higkeit und Verf\u00fcgbarkeit dieser sauberen Energiequelle st\u00e4rken.[\/vc_column_text][\/vc_column][vc_column animation_delay=&#8220;0&#8243; width=&#8220;1\/3&#8243; css=&#8220;.vc_custom_1530279884745{border-left-width: 1px !important;padding-left: 20% !important;border-left-color: #e0e0e0 !important;border-left-style: solid !important;border-radius: 1px !important;}&#8220; el_class=&#8220;et-element-column-with-border-left&#8220;][vc_widget_sidebar sidebar_id=&#8220;footer-4&#8243;][\/vc_column][\/vc_row]<\/p>\n","protected":false},"excerpt":{"rendered":"<p>Leverage agile frameworks to provide a robust synopsis for high level overviews. Iterative approaches to corporate strategy foster collaborative thinking to further the overall value proposition. Organically grow the holistic world view of disruptive innovation via workplace diversity and empowerment.<\/p>\n","protected":false},"author":1,"featured_media":0,"parent":0,"menu_order":0,"comment_status":"closed","ping_status":"closed","template":"page-vc.php","meta":[],"_links":{"self":[{"href":"https:\/\/fleetcapitalgroup.com\/de\/wp-json\/wp\/v2\/pages\/15169"}],"collection":[{"href":"https:\/\/fleetcapitalgroup.com\/de\/wp-json\/wp\/v2\/pages"}],"about":[{"href":"https:\/\/fleetcapitalgroup.com\/de\/wp-json\/wp\/v2\/types\/page"}],"author":[{"embeddable":true,"href":"https:\/\/fleetcapitalgroup.com\/de\/wp-json\/wp\/v2\/users\/1"}],"replies":[{"embeddable":true,"href":"https:\/\/fleetcapitalgroup.com\/de\/wp-json\/wp\/v2\/comments?post=15169"}],"version-history":[{"count":3,"href":"https:\/\/fleetcapitalgroup.com\/de\/wp-json\/wp\/v2\/pages\/15169\/revisions"}],"predecessor-version":[{"id":15172,"href":"https:\/\/fleetcapitalgroup.com\/de\/wp-json\/wp\/v2\/pages\/15169\/revisions\/15172"}],"wp:attachment":[{"href":"https:\/\/fleetcapitalgroup.com\/de\/wp-json\/wp\/v2\/media?parent=15169"}],"curies":[{"name":"wp","href":"https:\/\/api.w.org\/{rel}","templated":true}]}}