{"id":15164,"date":"2020-10-06T23:06:23","date_gmt":"2020-10-06T23:06:23","guid":{"rendered":"https:\/\/fleetcapitalgroup.com\/oil-petroleum-products\/"},"modified":"2020-10-20T20:42:08","modified_gmt":"2020-10-20T20:42:08","slug":"oil-petroleum-products","status":"publish","type":"page","link":"https:\/\/fleetcapitalgroup.com\/de\/oil-petroleum-products\/","title":{"rendered":"\u00d6l &#038; Erd\u00f6lprodukte"},"content":{"rendered":"<p>[vc_row gap=&#8220;80&#8243; css=&#8220;.vc_custom_1530533604775{padding-top: 40px !important;padding-bottom: 40px !important;}&#8220;][vc_column width=&#8220;2\/3&#8243;]<h3 id=\"et-animated-title-1\" class=\"et-animated-title et-clearfix  letter-direct\" data-mobile-font=\"inherit\" data-tablet-font=\"inherit\" data-delay=\"200\" style=\"font-size:24px;font-weight:700;line-height:32px;color:#fd8c40;\"><span class=\"text-wrapper\"><span class=\"text\">Handelsgesch\u00e4fte<\/span><\/span><\/h3><div class=\"gap et-clearfix \" style=\"height:2px\"><\/div><h3 id=\"et-animated-title-2\" class=\"et-animated-title et-clearfix  words-direct\" data-mobile-font=\"24px\" data-tablet-font=\"32px\" data-delay=\"\" style=\"font-size:48px;font-weight:700;line-height:56px;color:#212121;\"><span class=\"text-wrapper\"><span class=\"text\">Handel mit Werten, die allen zugute kommen.<\/span><\/span><\/h3><div class=\"gap et-clearfix \" style=\"height:32px\"><\/div><div class=\"et-simple-braket-block-wrapper\"><style>#et-simple-braket-block-1 .braket-text {font-size:24px;font-weight:400;line-height:32px;}#et-simple-braket-block-1 .braket > div  {background-color:#fd8c40;}<\/style><div id=\"et-simple-braket-block-1\" class=\"et-simple-braket-block \"><div class=\"braket\"><div><\/div><div><\/div><div><\/div><\/div><div class=\"braket-text\" data-mobile-font=\"inherit\" data-tablet-font=\"inherit\">Die Fleet Capital Group verf\u00fcgt \u00fcber langj\u00e4hrige Erfahrung im Handel mit \u00d6l und Erd\u00f6lprodukten. Wir beziehen weltweit und haben Zugang zu allen wichtigen Roh\u00f6l- und \u00d6lsorten.<\/div><\/div><\/div><div class=\"gap et-clearfix \" style=\"height:32px\"><\/div>[vc_column_text]Unser Know-how wird durch umfangreiche logistische F\u00e4higkeiten auf der ganzen Welt erg\u00e4nzt. Die Fleet Capital Group ist einer der gr\u00f6\u00dften unabh\u00e4ngigen H\u00e4ndler von \u00d6l- und Erd\u00f6lprodukten in Europa &#8211; einer der wenigen mit globaler Pr\u00e4senz und umfassender Handhabung der Produktabdeckung. Wir verf\u00fcgen weltweit \u00fcber umfangreiche logistische F\u00e4higkeiten. Als Handelshaus haben wir einen detaillierten \u00dcberblick \u00fcber Makro- und Mikrotrends. Als physische H\u00e4ndler sammeln wir Erfahrungen aus erster Hand mit den wirtschaftlichen Grundlagen, die sich vor Ort abspielen.<\/p>\n<p>Unser Roh\u00f6lhandelsgesch\u00e4ft unterh\u00e4lt langj\u00e4hrige Beziehungen zu Produzenten und Raffinerien weltweit. Wir helfen ersteren, ihre t\u00e4gliche Produktion effektiv zu vermarkten und zu vertreiben, und letzteren, eine zuverl\u00e4ssige und konsistente Versorgung mit Roh\u00f6l der richtigen Qualit\u00e4t zur richtigen Zeit sicherzustellen.[\/vc_column_text][\/vc_column][vc_column animation_delay=&#8220;0&#8243; width=&#8220;1\/3&#8243; css=&#8220;.vc_custom_1530279884745{border-left-width: 1px !important;padding-left: 20% !important;border-left-color: #e0e0e0 !important;border-left-style: solid !important;border-radius: 1px !important;}&#8220; el_class=&#8220;et-element-column-with-border-left&#8220;][vc_widget_sidebar sidebar_id=&#8220;footer-4&#8243;][\/vc_column][\/vc_row][vc_row full_width=&#8220;stretch_row&#8220; gap=&#8220;40&#8243; css=&#8220;.vc_custom_1603200042495{padding-top: 96px !important;padding-bottom: 72px !important;background: #f5f5f5 url(https:\/\/fleetcapitalgroup.com\/wp-content\/uploads\/2020\/10\/oil-bg-content.jpg?id=15118) !important;background-position: center !important;background-repeat: no-repeat !important;background-size: cover !important;}&#8220;][vc_column animation_delay=&#8220;0&#8243; css_animation=&#8220;bottom-to-top&#8220; css=&#8220;.vc_custom_1532433578210{padding-top: 40px !important;padding-right: 40px !important;padding-bottom: 40px !important;padding-left: 40px !important;background-color: #ffffff !important;}&#8220; el_class=&#8220;text-align-center&#8220; offset=&#8220;vc_col-lg-4 vc_col-md-4 vc_col-xs-12&#8243;]<div class=\"et-el-icon medium full\" style=\"color:#fd8c40;box-shadow:inset 0 0 0 4px #fd8c40;border-radius:500px;\"><span class=\"el-icon fa fa-check animate-false\"><\/span><\/div><div class=\"gap et-clearfix \" style=\"height:16px\"><\/div>[vc_column_text css=&#8220;.vc_custom_1603226446993{margin-bottom: 0px !important;}&#8220;]<\/p>\n<p style=\"text-align: center; font-size: 18px; line-height: 32px;\">1,2 Mrd.<br \/>\nBarrel \u00d6l und Erd\u00f6lprodukte wurden 2018 gehandelt<\/p>\n<p>[\/vc_column_text][\/vc_column][vc_column animation_delay=&#8220;150&#8243; css_animation=&#8220;bottom-to-top&#8220; el_class=&#8220;text-align-center&#8220; css=&#8220;.vc_custom_1532433590054{padding-top: 40px !important;padding-right: 40px !important;padding-bottom: 40px !important;padding-left: 40px !important;background-color: #ffffff !important;}&#8220; offset=&#8220;vc_col-lg-4 vc_col-md-4 vc_col-xs-12&#8243;]<div class=\"et-el-icon medium full\" style=\"color:#fd8c40;box-shadow:inset 0 0 0 4px #fd8c40;border-radius:500px;\"><span class=\"el-icon fa fa-check animate-false\"><\/span><\/div><div class=\"gap et-clearfix \" style=\"height:16px\"><\/div>[vc_column_text css=&#8220;.vc_custom_1603226457367{margin-bottom: 0px !important;}&#8220;]<\/p>\n<p style=\"text-align: center; font-size: 18px; line-height: 32px;\">Experten f\u00fcr \u00d6l- und Erd\u00f6ltransporte<\/p>\n<p>[\/vc_column_text][\/vc_column][vc_column animation_delay=&#8220;300&#8243; css_animation=&#8220;bottom-to-top&#8220; css=&#8220;.vc_custom_1532433601236{padding-top: 40px !important;padding-right: 40px !important;padding-bottom: 40px !important;padding-left: 40px !important;background-color: #ffffff !important;}&#8220; el_class=&#8220;text-align-center&#8220; offset=&#8220;vc_col-lg-4 vc_col-md-4 vc_col-xs-12&#8243;]<div class=\"et-el-icon medium full\" style=\"color:#fd8c40;box-shadow:inset 0 0 0 4px #fd8c40;border-radius:500px;\"><span class=\"el-icon fa fa-check animate-false\"><\/span><\/div><div class=\"gap et-clearfix \" style=\"height:16px\"><\/div>[vc_column_text css=&#8220;.vc_custom_1603226467397{margin-bottom: 0px !important;}&#8220;]<\/p>\n<p style=\"text-align: center; font-size: 18px; line-height: 32px;\">3,15 m<br \/>\nPro Tag gehandelte Barrel \u00d6l und Erd\u00f6lprodukte<\/p>\n<p>[\/vc_column_text][\/vc_column][\/vc_row][vc_row gap=&#8220;80&#8243; css=&#8220;.vc_custom_1530533604775{padding-top: 40px !important;padding-bottom: 40px !important;}&#8220;][vc_column]<h3 id=\"et-animated-title-3\" class=\"et-animated-title et-clearfix  letter-direct\" data-mobile-font=\"inherit\" data-tablet-font=\"inherit\" data-delay=\"200\" style=\"font-size:24px;font-weight:700;line-height:32px;color:#fd8c40;\"><span class=\"text-wrapper\"><span class=\"text\">Versand | \u00d6l &amp; Erd\u00f6lprodukte<\/span><\/span><\/h3><div class=\"gap et-clearfix \" style=\"height:32px\"><\/div><div class=\"et-simple-braket-block-wrapper\"><style>#et-simple-braket-block-2 .braket-text {font-size:24px;font-weight:400;line-height:32px;}#et-simple-braket-block-2 .braket > div  {background-color:#fd8c40;}<\/style><div id=\"et-simple-braket-block-2\" class=\"et-simple-braket-block \"><div class=\"braket\"><div><\/div><div><\/div><div><\/div><\/div><div class=\"braket-text\" data-mobile-font=\"inherit\" data-tablet-font=\"inherit\">Die Fleet Capital Group verf\u00fcgt \u00fcber langj\u00e4hrige Erfahrung im Handel mit \u00d6l und Erd\u00f6lprodukten. Wir beziehen weltweit und haben Zugang zu allen wichtigen Roh\u00f6l- und \u00d6lsorten.<\/div><\/div><\/div><div class=\"gap et-clearfix \" style=\"height:32px\"><\/div>[vc_column_text]Wir organisieren den Transport von \u00d6l und Erd\u00f6l von den Produktionsgebieten zu den wichtigsten Verbraucherzentren. Wir w\u00e4hlen und chartern die sichersten Schiffe, um sicherzustellen, dass die Fracht zeitnah, kosteng\u00fcnstig und nat\u00fcrlich unter optimalen Sicherheitsbedingungen versendet wird.<\/p>\n<h4><strong>Nutzung eines f\u00fchrenden Seeverkehrsnetzes<\/strong><\/h4>\n<p>Im Jahr 2018 haben wir fast 3.000 Schiffe gechartert, um 120 Millionen Tonnen Roh\u00f6l und raffinierte Produkte zu transportieren. Wir unterhalten eine permanente Flotte von fast 60 zeitgecharterten Schiffen. Wir wenden f\u00fcr jedes Schiff, das wir verwenden, eines der strengsten Auswahlverfahren in der \u00d6lindustrie an, insbesondere f\u00fcr diejenigen in unserer Flotte. Um sicherzustellen, dass jedes Schiff unseren Standards entspricht, bewertet unser \u00dcberpr\u00fcfungsprozess insbesondere den Zustand der Ausr\u00fcstung, die Schiffswartung, die Qualit\u00e4t der Besatzung und die Betriebsverfahren an Bord.[\/vc_column_text][\/vc_column][\/vc_row]<\/p>\n","protected":false},"excerpt":{"rendered":"<p>Leverage agile frameworks to provide a robust synopsis for high level overviews. Iterative approaches to corporate strategy foster collaborative thinking to further the overall value proposition. Organically grow the holistic world view of disruptive innovation via workplace diversity and empowerment.<\/p>\n","protected":false},"author":1,"featured_media":0,"parent":0,"menu_order":0,"comment_status":"closed","ping_status":"closed","template":"page-vc.php","meta":[],"_links":{"self":[{"href":"https:\/\/fleetcapitalgroup.com\/de\/wp-json\/wp\/v2\/pages\/15164"}],"collection":[{"href":"https:\/\/fleetcapitalgroup.com\/de\/wp-json\/wp\/v2\/pages"}],"about":[{"href":"https:\/\/fleetcapitalgroup.com\/de\/wp-json\/wp\/v2\/types\/page"}],"author":[{"embeddable":true,"href":"https:\/\/fleetcapitalgroup.com\/de\/wp-json\/wp\/v2\/users\/1"}],"replies":[{"embeddable":true,"href":"https:\/\/fleetcapitalgroup.com\/de\/wp-json\/wp\/v2\/comments?post=15164"}],"version-history":[{"count":3,"href":"https:\/\/fleetcapitalgroup.com\/de\/wp-json\/wp\/v2\/pages\/15164\/revisions"}],"predecessor-version":[{"id":15167,"href":"https:\/\/fleetcapitalgroup.com\/de\/wp-json\/wp\/v2\/pages\/15164\/revisions\/15167"}],"wp:attachment":[{"href":"https:\/\/fleetcapitalgroup.com\/de\/wp-json\/wp\/v2\/media?parent=15164"}],"curies":[{"name":"wp","href":"https:\/\/api.w.org\/{rel}","templated":true}]}}