{"id":15159,"date":"2020-10-06T23:07:00","date_gmt":"2020-10-06T23:07:00","guid":{"rendered":"https:\/\/fleetcapitalgroup.com\/metals-minerals\/"},"modified":"2020-10-20T20:31:15","modified_gmt":"2020-10-20T20:31:15","slug":"metals-minerals","status":"publish","type":"page","link":"https:\/\/fleetcapitalgroup.com\/de\/metals-minerals\/","title":{"rendered":"Metalle &#038; Mineralien"},"content":{"rendered":"<p>[vc_row gap=&#8220;80&#8243; css=&#8220;.vc_custom_1530533604775{padding-top: 40px !important;padding-bottom: 40px !important;}&#8220;][vc_column width=&#8220;2\/3&#8243;]<h3 id=\"et-animated-title-1\" class=\"et-animated-title et-clearfix  letter-direct\" data-mobile-font=\"inherit\" data-tablet-font=\"inherit\" data-delay=\"200\" style=\"font-size:24px;font-weight:700;line-height:32px;color:#fd8c40;\"><span class=\"text-wrapper\"><span class=\"text\">Handelsgesch\u00e4fte<\/span><\/span><\/h3><div class=\"gap et-clearfix \" style=\"height:2px\"><\/div><h3 id=\"et-animated-title-2\" class=\"et-animated-title et-clearfix  words-direct\" data-mobile-font=\"24px\" data-tablet-font=\"32px\" data-delay=\"\" style=\"font-size:48px;font-weight:700;line-height:56px;color:#212121;\"><span class=\"text-wrapper\"><span class=\"text\">Ein Erfolgsrezept erfordert Zutaten.<\/span><\/span><\/h3><div class=\"gap et-clearfix \" style=\"height:32px\"><\/div><div class=\"et-simple-braket-block-wrapper\"><style>#et-simple-braket-block-1 .braket-text {font-size:24px;font-weight:400;line-height:32px;}#et-simple-braket-block-1 .braket > div  {background-color:#fd8c40;}<\/style><div id=\"et-simple-braket-block-1\" class=\"et-simple-braket-block \"><div class=\"braket\"><div><\/div><div><\/div><div><\/div><\/div><div class=\"braket-text\" data-mobile-font=\"inherit\" data-tablet-font=\"inherit\">Wir sind einer der weltweit gr\u00f6\u00dften Rohstoffh\u00e4ndler. Die Fleet Capital Group entwickelt eine integrierte Plattform, die von der Beschaffung physischer Metalle \u00fcber das Risikomanagement bis hin zum Handel reicht.<\/div><\/div><\/div><div class=\"gap et-clearfix \" style=\"height:32px\"><\/div>[vc_column_text]Wir handeln und vermarkten eine Vielzahl von Metallen und Mineralien wie Kupfer, Kobalt, Zink, Nickel und Ferrolegierungen sowie Aluminium \/ Aluminiumoxid und Eisenerz von Dritten.<\/p>\n<p>Die Fleet Capital Group hat Metall- und Mineralien-Teams in Deutschland, London und Genf gegr\u00fcndet. Wir handeln mit Kupfer, Aluminium, Blei, Zink, Nickel und Zinn in den physischen und finanziellen Zentren Asiens, Europas und Amerikas. Unser Ziel ist es, eine vertikal integrierte Plattform bereitzustellen, die es unseren Partnern erm\u00f6glicht, Zugang zu physischem Metall sowie Markteinblicke zu erhalten.[\/vc_column_text][\/vc_column][vc_column animation_delay=&#8220;0&#8243; width=&#8220;1\/3&#8243; css=&#8220;.vc_custom_1530279884745{border-left-width: 1px !important;padding-left: 20% !important;border-left-color: #e0e0e0 !important;border-left-style: solid !important;border-radius: 1px !important;}&#8220; el_class=&#8220;et-element-column-with-border-left&#8220;][vc_widget_sidebar sidebar_id=&#8220;footer-4&#8243;][\/vc_column][\/vc_row][vc_row full_width=&#8220;stretch_row&#8220; gap=&#8220;40&#8243; css=&#8220;.vc_custom_1603199371775{padding-top: 96px !important;padding-bottom: 72px !important;background: #f5f5f5 url(https:\/\/fleetcapitalgroup.com\/wp-content\/uploads\/2020\/10\/metal-ban-content.jpg?id=15110) !important;background-position: center !important;background-repeat: no-repeat !important;background-size: cover !important;}&#8220;][vc_column animation_delay=&#8220;0&#8243; css_animation=&#8220;bottom-to-top&#8220; css=&#8220;.vc_custom_1532433578210{padding-top: 40px !important;padding-right: 40px !important;padding-bottom: 40px !important;padding-left: 40px !important;background-color: #ffffff !important;}&#8220; el_class=&#8220;text-align-center&#8220; offset=&#8220;vc_col-lg-4 vc_col-md-4 vc_col-xs-12&#8243;]<div class=\"et-el-icon medium full\" style=\"color:#fd8c40;box-shadow:inset 0 0 0 4px #fd8c40;border-radius:500px;\"><span class=\"el-icon fa fa-check animate-false\"><\/span><\/div><div class=\"gap et-clearfix \" style=\"height:16px\"><\/div>[vc_column_text css=&#8220;.vc_custom_1603225790094{margin-bottom: 0px !important;}&#8220;]<\/p>\n<p style=\"text-align: center; font-size: 18px; line-height: 32px;\">Umfang und Wissen ideal f\u00fcr Bergbau und Mineralien<\/p>\n<p>[\/vc_column_text][\/vc_column][vc_column animation_delay=&#8220;150&#8243; css_animation=&#8220;bottom-to-top&#8220; el_class=&#8220;text-align-center&#8220; css=&#8220;.vc_custom_1532433590054{padding-top: 40px !important;padding-right: 40px !important;padding-bottom: 40px !important;padding-left: 40px !important;background-color: #ffffff !important;}&#8220; offset=&#8220;vc_col-lg-4 vc_col-md-4 vc_col-xs-12&#8243;]<div class=\"et-el-icon medium full\" style=\"color:#fd8c40;box-shadow:inset 0 0 0 4px #fd8c40;border-radius:500px;\"><span class=\"el-icon fa fa-check animate-false\"><\/span><\/div><div class=\"gap et-clearfix \" style=\"height:16px\"><\/div>[vc_column_text css=&#8220;.vc_custom_1603225800888{margin-bottom: 0px !important;}&#8220;]<\/p>\n<p style=\"text-align: center; font-size: 18px; line-height: 32px;\">Erhebliches kundenbasiertes Wachstum mit unseren schnellen Transitzeiten auf allen wichtigen Handelswegen.<\/p>\n<p>[\/vc_column_text][\/vc_column][vc_column animation_delay=&#8220;300&#8243; css_animation=&#8220;bottom-to-top&#8220; css=&#8220;.vc_custom_1532433601236{padding-top: 40px !important;padding-right: 40px !important;padding-bottom: 40px !important;padding-left: 40px !important;background-color: #ffffff !important;}&#8220; el_class=&#8220;text-align-center&#8220; offset=&#8220;vc_col-lg-4 vc_col-md-4 vc_col-xs-12&#8243;]<div class=\"et-el-icon medium full\" style=\"color:#fd8c40;box-shadow:inset 0 0 0 4px #fd8c40;border-radius:500px;\"><span class=\"el-icon fa fa-check animate-false\"><\/span><\/div><div class=\"gap et-clearfix \" style=\"height:16px\"><\/div>[vc_column_text css=&#8220;.vc_custom_1603225813788{margin-bottom: 0px !important;}&#8220;]<\/p>\n<p style=\"text-align: center; font-size: 18px; line-height: 32px;\">Aufbau starker, flexibler Beziehungen zu Kunden<\/p>\n<p>[\/vc_column_text][\/vc_column][\/vc_row][vc_row gap=&#8220;80&#8243; css=&#8220;.vc_custom_1530533604775{padding-top: 40px !important;padding-bottom: 40px !important;}&#8220;][vc_column]<h3 id=\"et-animated-title-3\" class=\"et-animated-title et-clearfix  letter-direct\" data-mobile-font=\"inherit\" data-tablet-font=\"inherit\" data-delay=\"200\" style=\"font-size:24px;font-weight:700;line-height:32px;color:#fd8c40;\"><span class=\"text-wrapper\"><span class=\"text\">Versand | Metalle &amp; Mineralien<\/span><\/span><\/h3><div class=\"gap et-clearfix \" style=\"height:32px\"><\/div><div class=\"et-simple-braket-block-wrapper\"><style>#et-simple-braket-block-2 .braket-text {font-size:24px;font-weight:400;line-height:32px;}#et-simple-braket-block-2 .braket > div  {background-color:#fd8c40;}<\/style><div id=\"et-simple-braket-block-2\" class=\"et-simple-braket-block \"><div class=\"braket\"><div><\/div><div><\/div><div><\/div><\/div><div class=\"braket-text\" data-mobile-font=\"inherit\" data-tablet-font=\"inherit\">Individuelle Transportl\u00f6sung von Mine und Labor zum Hafen und \u00fcberall dazwischen.<\/div><\/div><\/div><div class=\"gap et-clearfix \" style=\"height:32px\"><\/div>[vc_column_text]<\/p>\n<div class=\"text\">\n<p>Wir nutzen unsere globale Wendigkeit und Leidenschaft f\u00fcr unsere Arbeit, um ma\u00dfgeschneiderte L\u00f6sungen f\u00fcr Sie zu liefern.<\/p>\n<p>Unsere Kunden profitieren von unserer Logistikerfahrung, unseren Partnern und Technologien, die wir in ihre Lieferkette integrieren. Unter Ber\u00fccksichtigung Ihrer Bed\u00fcrfnisse w\u00e4hlen wir die richtige Ausr\u00fcstung aus, basierend auf den gesetzlichen Anforderungen, dem Volumen und nat\u00fcrlich der Art der Ware, die Sie versenden.<\/p>\n<p><strong>METALLE:<\/strong><br \/>\nAluminium, Kupfer, Eisen, Erz, Eisenbahnschiene, Schlacke, Stahl, Zinn oder Zink<\/p>\n<p><strong>MINERALIEN:<\/strong><br \/>\nKohle, Kokskohle, Graphit, Marmor, Steine<\/p>\n<p>Diese Warengruppen erfordern spezifische Kenntnisse \u00fcber Transport, Lagerung und Handhabung. Die strengen Anforderungen in den Bereichen Sicherheit, Umweltvorschriften und Zollvorschriften werden st\u00e4ndig weiterentwickelt.<\/p>\n<p>Die Logistik kann bis zu 50-70% der an diese Waren gelieferten Kosten f\u00fcr diese Waren ausmachen, weshalb Lieferanten die kosteng\u00fcnstigsten und effizientesten Logistikl\u00f6sungen und -unternehmen einsetzen sollten.<\/p>\n<\/div>\n<p>[\/vc_column_text][\/vc_column][\/vc_row]<\/p>\n","protected":false},"excerpt":{"rendered":"<p>Leverage agile frameworks to provide a robust synopsis for high level overviews. Iterative approaches to corporate strategy foster collaborative thinking to further the overall value proposition. Organically grow the holistic world view of disruptive innovation via workplace diversity and empowerment.<\/p>\n","protected":false},"author":1,"featured_media":0,"parent":0,"menu_order":0,"comment_status":"closed","ping_status":"closed","template":"page-vc.php","meta":[],"_links":{"self":[{"href":"https:\/\/fleetcapitalgroup.com\/de\/wp-json\/wp\/v2\/pages\/15159"}],"collection":[{"href":"https:\/\/fleetcapitalgroup.com\/de\/wp-json\/wp\/v2\/pages"}],"about":[{"href":"https:\/\/fleetcapitalgroup.com\/de\/wp-json\/wp\/v2\/types\/page"}],"author":[{"embeddable":true,"href":"https:\/\/fleetcapitalgroup.com\/de\/wp-json\/wp\/v2\/users\/1"}],"replies":[{"embeddable":true,"href":"https:\/\/fleetcapitalgroup.com\/de\/wp-json\/wp\/v2\/comments?post=15159"}],"version-history":[{"count":3,"href":"https:\/\/fleetcapitalgroup.com\/de\/wp-json\/wp\/v2\/pages\/15159\/revisions"}],"predecessor-version":[{"id":15162,"href":"https:\/\/fleetcapitalgroup.com\/de\/wp-json\/wp\/v2\/pages\/15159\/revisions\/15162"}],"wp:attachment":[{"href":"https:\/\/fleetcapitalgroup.com\/de\/wp-json\/wp\/v2\/media?parent=15159"}],"curies":[{"name":"wp","href":"https:\/\/api.w.org\/{rel}","templated":true}]}}