{"id":15152,"date":"2020-10-06T23:05:41","date_gmt":"2020-10-06T23:05:41","guid":{"rendered":"https:\/\/fleetcapitalgroup.com\/groupage\/"},"modified":"2020-10-20T15:23:34","modified_gmt":"2020-10-20T15:23:34","slug":"groupage","status":"publish","type":"page","link":"https:\/\/fleetcapitalgroup.com\/de\/groupage\/","title":{"rendered":"Groupage"},"content":{"rendered":"<p>[vc_row gap=&#8220;80&#8243; css=&#8220;.vc_custom_1530533604775{padding-top: 40px !important;padding-bottom: 40px !important;}&#8220;][vc_column width=&#8220;2\/3&#8243;]<h3 id=\"et-animated-title-1\" class=\"et-animated-title et-clearfix  letter-direct\" data-mobile-font=\"inherit\" data-tablet-font=\"inherit\" data-delay=\"200\" style=\"font-size:24px;font-weight:700;line-height:32px;color:#fd8c40;\"><span class=\"text-wrapper\"><span class=\"text\">Versandl\u00f6sungen<\/span><\/span><\/h3><div class=\"gap et-clearfix \" style=\"height:2px\"><\/div><h3 id=\"et-animated-title-2\" class=\"et-animated-title et-clearfix  words-direct\" data-mobile-font=\"24px\" data-tablet-font=\"32px\" data-delay=\"\" style=\"font-size:48px;font-weight:700;line-height:56px;color:#212121;\"><span class=\"text-wrapper\"><span class=\"text\">Zusammensetzen<\/span><\/span><\/h3><div class=\"gap et-clearfix \" style=\"height:32px\"><\/div><div class=\"et-simple-braket-block-wrapper\"><style>#et-simple-braket-block-1 .braket-text {font-size:24px;font-weight:400;line-height:32px;}#et-simple-braket-block-1 .braket > div  {background-color:#fd8c40;}<\/style><div id=\"et-simple-braket-block-1\" class=\"et-simple-braket-block \"><div class=\"braket\"><div><\/div><div><\/div><div><\/div><\/div><div class=\"braket-text\" data-mobile-font=\"inherit\" data-tablet-font=\"inherit\">VERTRAUEN SIE UNSEREN CREWS. Alles l\u00e4uft wie am Schn\u00fcrchen.&lt;br \/&gt;\nIhr Gesch\u00e4ft l\u00e4uft reibungslos, wenn Ihre Logistik reibungslos l\u00e4uft<\/div><\/div><\/div><div class=\"gap et-clearfix \" style=\"height:32px\"><\/div>[vc_column_text]<\/p>\n<div class=\"fusion-row\">\n<div class=\"titolo\">\n<h3 class=\"fusion-responsive-typography-calculated\" data-fontsize=\"22\" data-lineheight=\"27.06px\">Was ist Groupage und f\u00fcr welchen Versand ist bequem?<\/h3>\n<p>&nbsp;<\/p>\n<\/div>\n<\/div>\n<p>Der Begriff Gruppierung bezieht sich auf eine Art von Sendung, die im internationalen Handel zunehmend verbreitet ist und aus der Gruppierung kleiner Warensendungen mit gleichem oder nahe Herkunft und Ziel besteht, um eine handlichere Ladeeinheit (Sattelauflieger, Seefracht) zu bilden Beh\u00e4lter, Luftbeh\u00e4lter usw.).<\/p>\n<p>Der Vorgang des Zusammenf\u00fcgens der Waren zu einer einzigen Sammelgutlieferung wird als Konsolidierung bezeichnet. Die entgegengesetzte Aktivit\u00e4t bei der Ankunft (Trennung der Lose) wird als Degroupage bezeichnet.<\/p>\n<p>Die Eigenschaften der Gruppierung<\/p>\n<p>Der Spediteur hat eine grundlegende Funktion, da er sich im Treffpunkt zwischen den verschiedenen Absendern befindet: der Person, die f\u00fcr die Montage der Sendung verantwortlich ist, die Person, die die Waren kombiniert und f\u00fcr etwaige Sch\u00e4den verantwortlich ist.<\/p>\n<p>Die T\u00e4tigkeit wird in der Regel von auf Seefracht spezialisierten Verladern ausge\u00fcbt.<\/p>\n<p>Es ist sehr wichtig, die Waren je nach Gef\u00e4hrdungsgrad richtig zu kombinieren, um falsche Kombinationen wie beispielsweise Lebensmittel und gef\u00e4hrliche G\u00fcter zu vermeiden.<\/p>\n<p>Die Lieferbedingungen sind im sogenannten Versandvertrag festgelegt.<\/p>\n<p>Die Vorteile<\/p>\n<p>Die Gruppierung ist in der Tat die wirtschaftlichste L\u00f6sung f\u00fcr all jene kleinen Sendungen, die separat nicht ausreichen w\u00fcrden, um eine Ladung zu vervollst\u00e4ndigen. Codewort &#8211; Optimierung.<\/p>\n<p>Das sind viele Vorteile, wie zum Beispiel:<\/p>\n<ul>\n<li>eine wirtschaftliche Ersparnis erhalten<\/li>\n<li>Vermeiden Sie das Brechen der Ladung (die Teilausf\u00fchrung eines Transports mit verschiedenen Fahrzeugen).<\/li>\n<li>Begrenzen Sie das Risiko von Verlust und Besch\u00e4digung<\/li>\n<li>Verpackungskosten reduzieren<\/li>\n<li>Versicherungskosten enthalten<\/li>\n<li>Verbesserung der Lieferzeiten und Be- und Entladevorg\u00e4nge<\/li>\n<\/ul>\n<p>[\/vc_column_text][\/vc_column][vc_column animation_delay=&#8220;0&#8243; width=&#8220;1\/3&#8243; css=&#8220;.vc_custom_1530279884745{border-left-width: 1px !important;padding-left: 20% !important;border-left-color: #e0e0e0 !important;border-left-style: solid !important;border-radius: 1px !important;}&#8220; el_class=&#8220;et-element-column-with-border-left&#8220;][vc_widget_sidebar sidebar_id=&#8220;footer-3&#8243;][\/vc_column][\/vc_row][vc_row][vc_column]<div class=\"sep-wrap left   et-clearfix\" data-delay=\"0\"><div class=\"et-separator solid\" style=\"height:1px;width:100%;border-bottom-width:1px;border-bottom-style:solid;border-bottom-color:#e0e0e0;\"><\/div><\/div>[\/vc_column][\/vc_row]<\/p>\n","protected":false},"excerpt":{"rendered":"<p>Leverage agile frameworks to provide a robust synopsis for high level overviews. Iterative approaches to corporate strategy foster collaborative thinking to further the overall value proposition. Organically grow the holistic world view of disruptive innovation via workplace diversity and empowerment.<\/p>\n","protected":false},"author":1,"featured_media":0,"parent":0,"menu_order":0,"comment_status":"closed","ping_status":"closed","template":"page-vc.php","meta":[],"_links":{"self":[{"href":"https:\/\/fleetcapitalgroup.com\/de\/wp-json\/wp\/v2\/pages\/15152"}],"collection":[{"href":"https:\/\/fleetcapitalgroup.com\/de\/wp-json\/wp\/v2\/pages"}],"about":[{"href":"https:\/\/fleetcapitalgroup.com\/de\/wp-json\/wp\/v2\/types\/page"}],"author":[{"embeddable":true,"href":"https:\/\/fleetcapitalgroup.com\/de\/wp-json\/wp\/v2\/users\/1"}],"replies":[{"embeddable":true,"href":"https:\/\/fleetcapitalgroup.com\/de\/wp-json\/wp\/v2\/comments?post=15152"}],"version-history":[{"count":3,"href":"https:\/\/fleetcapitalgroup.com\/de\/wp-json\/wp\/v2\/pages\/15152\/revisions"}],"predecessor-version":[{"id":15155,"href":"https:\/\/fleetcapitalgroup.com\/de\/wp-json\/wp\/v2\/pages\/15152\/revisions\/15155"}],"wp:attachment":[{"href":"https:\/\/fleetcapitalgroup.com\/de\/wp-json\/wp\/v2\/media?parent=15152"}],"curies":[{"name":"wp","href":"https:\/\/api.w.org\/{rel}","templated":true}]}}