{"id":15147,"date":"2020-10-06T23:04:46","date_gmt":"2020-10-06T23:04:46","guid":{"rendered":"https:\/\/fleetcapitalgroup.com\/shipping-chartering\/"},"modified":"2020-10-20T15:18:41","modified_gmt":"2020-10-20T15:18:41","slug":"shipping-chartering","status":"publish","type":"page","link":"https:\/\/fleetcapitalgroup.com\/de\/shipping-chartering\/","title":{"rendered":"Versand &#038; Charter"},"content":{"rendered":"<p>[vc_row gap=&#8220;80&#8243; css=&#8220;.vc_custom_1603143988865{padding-top: 40px !important;padding-bottom: 15px !important;}&#8220;][vc_column width=&#8220;2\/3&#8243;]<h3 id=\"et-animated-title-1\" class=\"et-animated-title et-clearfix  letter-direct\" data-mobile-font=\"inherit\" data-tablet-font=\"inherit\" data-delay=\"200\" style=\"font-size:24px;font-weight:700;line-height:32px;color:#fd8c40;\"><span class=\"text-wrapper\"><span class=\"text\">Versandl\u00f6sungen<\/span><\/span><\/h3><div class=\"gap et-clearfix \" style=\"height:2px\"><\/div><h3 id=\"et-animated-title-2\" class=\"et-animated-title et-clearfix  words-direct\" data-mobile-font=\"24px\" data-tablet-font=\"32px\" data-delay=\"\" style=\"font-size:48px;font-weight:700;line-height:56px;color:#212121;\"><span class=\"text-wrapper\"><span class=\"text\">Engagierte Crews und gut gewartete Schiffe<\/span><\/span><\/h3><div class=\"gap et-clearfix \" style=\"height:32px\"><\/div><div class=\"et-simple-braket-block-wrapper\"><style>#et-simple-braket-block-1 .braket-text {font-size:24px;font-weight:400;line-height:32px;}#et-simple-braket-block-1 .braket > div  {background-color:#fd8c40;}<\/style><div id=\"et-simple-braket-block-1\" class=\"et-simple-braket-block \"><div class=\"braket\"><div><\/div><div><\/div><div><\/div><\/div><div class=\"braket-text\" data-mobile-font=\"inherit\" data-tablet-font=\"inherit\">Die Fleet Capital Group bietet Voll- und Teilchartercharter f\u00fcr Fracht an, wenn keine Liniendienste verf\u00fcgbar sind. Das Projektteam der Fleet Capital Group arbeitet mit einem umfangreichen Netzwerk von Flottenbesitzern zusammen, um geeignete Schiffe f\u00fcr den Charter zu finden und gleichzeitig die besten Routen und Preise f\u00fcr die Projektanforderungen auszuhandeln.<\/div><\/div><\/div><div class=\"gap et-clearfix \" style=\"height:32px\"><\/div>[vc_column_text]Wir chartern Frachtschiffe nur, wenn dies logisch und notwendig ist und wenn wir der Ansicht sind, dass die Frachtanforderungen und das Budget ein solches Unternehmen rechtfertigen. Unsere Mitarbeiter des Projektmanagements k\u00fcmmern sich sowohl am Ursprungs- als auch am Bestimmungsort pers\u00f6nlich um den Versandhafen, um sicherzustellen, dass die Fracht sicher geladen und empfangen wird. Sie wissen, wie wichtig Pr\u00e4senz vor Ort ist, um die oft heiklen Man\u00f6ver zu \u00fcberwachen. Dies kann das Heben und Sichern wertvoller Fracht an Bord von vollst\u00e4ndig oder teilweise gecharterten Schiffen f\u00fcr lange interkontinentale Reisen beinhalten.[\/vc_column_text][\/vc_column][vc_column animation_delay=&#8220;0&#8243; width=&#8220;1\/3&#8243; css=&#8220;.vc_custom_1530279884745{border-left-width: 1px !important;padding-left: 20% !important;border-left-color: #e0e0e0 !important;border-left-style: solid !important;border-radius: 1px !important;}&#8220; el_class=&#8220;et-element-column-with-border-left&#8220;][vc_widget_sidebar sidebar_id=&#8220;footer-3&#8243;][\/vc_column][\/vc_row][vc_row][vc_column]<div class=\"sep-wrap left   et-clearfix\" data-delay=\"0\"><div class=\"et-separator solid\" style=\"height:1px;width:100%;border-bottom-width:1px;border-bottom-style:solid;border-bottom-color:#e0e0e0;\"><\/div><\/div>[\/vc_column][\/vc_row][vc_row gap=&#8220;80&#8243; css=&#8220;.vc_custom_1603144002346{padding-top: 15px !important;padding-bottom: 40px !important;}&#8220;][vc_column]<h5 id=\"et-animated-title-3\" class=\"et-animated-title et-clearfix  words-direct\" data-mobile-font=\"20px\" data-tablet-font=\"24px\" data-delay=\"\" style=\"font-size:24px;font-weight:700;line-height:56px;color:#212121;\"><span class=\"text-wrapper\"><span class=\"text\">Merkmale des Schiffscharter-Service<\/span><\/span><\/h5><div class=\"gap et-clearfix \" style=\"height:32px\"><\/div>[vc_column_text]<\/p>\n<ul>\n<li>Globale Kontaktliste von Schiffsmaklern und Eignern<\/li>\n<li>Schl\u00fcsselfertige Projekte f\u00fcr Dienstleistungen von T\u00fcr zu T\u00fcr<\/li>\n<li>Schnelle Abwicklung von Buchungen, Buchungsnotizen und Charterpartys<\/li>\n<li>Vollst\u00e4ndig konforme und klassifizierte Schiffe zum Chartern<\/li>\n<li>Aktuelle Beratung zu allen erforderlichen Unterlagen und Erkl\u00e4rungen<\/li>\n<\/ul>\n<p>F\u00fcr spezielle schwere Ladungen wenden wir uns an spezielle Schwergutschiffe, um das Be- und Entladen einfach und effizient zu gestalten. Wir arbeiten im Einklang mit den Praktiken des Institute of Chartered Shipbrokers (ICS). Dies bedeutet, dass unsere Schiffscharter-Kunden volles Vertrauen haben k\u00f6nnen, dass ihre Arbeit den h\u00f6chsten internationalen und professionellen Standards entspricht.<\/p>\n<p class=\"vc_custom_heading\"><strong><span class=\"header-wrap\">Das Qualit\u00e4tsmanagementsystem des Unternehmens ist nach der von Rina herausgegebenen Norm ISO 9001 zertifiziert.<\/span><\/strong><\/p>\n<p><img decoding=\"async\" loading=\"lazy\" class=\"alignnone wp-image-14984 size-globax_480X320\" src=\"https:\/\/fleetcapitalgroup.com\/wp-content\/uploads\/2020\/10\/logo-rina-2018-1-768x543-1-480x320.png\" alt=\"\" width=\"480\" height=\"320\" \/>[\/vc_column_text][\/vc_column][\/vc_row]<\/p>\n","protected":false},"excerpt":{"rendered":"<p>Leverage agile frameworks to provide a robust synopsis for high level overviews. Iterative approaches to corporate strategy foster collaborative thinking to further the overall value proposition. Organically grow the holistic world view of disruptive innovation via workplace diversity and empowerment.<\/p>\n","protected":false},"author":1,"featured_media":0,"parent":0,"menu_order":0,"comment_status":"closed","ping_status":"closed","template":"page-vc.php","meta":[],"_links":{"self":[{"href":"https:\/\/fleetcapitalgroup.com\/de\/wp-json\/wp\/v2\/pages\/15147"}],"collection":[{"href":"https:\/\/fleetcapitalgroup.com\/de\/wp-json\/wp\/v2\/pages"}],"about":[{"href":"https:\/\/fleetcapitalgroup.com\/de\/wp-json\/wp\/v2\/types\/page"}],"author":[{"embeddable":true,"href":"https:\/\/fleetcapitalgroup.com\/de\/wp-json\/wp\/v2\/users\/1"}],"replies":[{"embeddable":true,"href":"https:\/\/fleetcapitalgroup.com\/de\/wp-json\/wp\/v2\/comments?post=15147"}],"version-history":[{"count":3,"href":"https:\/\/fleetcapitalgroup.com\/de\/wp-json\/wp\/v2\/pages\/15147\/revisions"}],"predecessor-version":[{"id":15150,"href":"https:\/\/fleetcapitalgroup.com\/de\/wp-json\/wp\/v2\/pages\/15147\/revisions\/15150"}],"wp:attachment":[{"href":"https:\/\/fleetcapitalgroup.com\/de\/wp-json\/wp\/v2\/media?parent=15147"}],"curies":[{"name":"wp","href":"https:\/\/api.w.org\/{rel}","templated":true}]}}