{"id":15142,"date":"2018-02-28T07:40:39","date_gmt":"2018-02-28T07:40:39","guid":{"rendered":"https:\/\/fleetcapitalgroup.com\/sea-freight\/"},"modified":"2020-10-20T15:11:25","modified_gmt":"2020-10-20T15:11:25","slug":"sea-freight","status":"publish","type":"page","link":"https:\/\/fleetcapitalgroup.com\/de\/sea-freight\/","title":{"rendered":"Seefracht"},"content":{"rendered":"<p>[vc_row gap=&#8220;80&#8243; css=&#8220;.vc_custom_1530533604775{padding-top: 40px !important;padding-bottom: 40px !important;}&#8220;][vc_column width=&#8220;2\/3&#8243;]<h3 id=\"et-animated-title-1\" class=\"et-animated-title et-clearfix  letter-direct\" data-mobile-font=\"inherit\" data-tablet-font=\"inherit\" data-delay=\"200\" style=\"font-size:24px;font-weight:700;line-height:32px;color:#fd8c40;\"><span class=\"text-wrapper\"><span class=\"text\">Versandl\u00f6sungen<\/span><\/span><\/h3><div class=\"gap et-clearfix \" style=\"height:2px\"><\/div><h3 id=\"et-animated-title-2\" class=\"et-animated-title et-clearfix  words-direct\" data-mobile-font=\"24px\" data-tablet-font=\"32px\" data-delay=\"\" style=\"font-size:48px;font-weight:700;line-height:56px;color:#212121;\"><span class=\"text-wrapper\"><span class=\"text\">Segeln Sie mit uns zu erfolgreichen Ufern.<\/span><\/span><\/h3><div class=\"gap et-clearfix \" style=\"height:32px\"><\/div><div class=\"et-simple-braket-block-wrapper\"><style>#et-simple-braket-block-1 .braket-text {font-size:24px;font-weight:400;line-height:32px;}#et-simple-braket-block-1 .braket > div  {background-color:#fd8c40;}<\/style><div id=\"et-simple-braket-block-1\" class=\"et-simple-braket-block \"><div class=\"braket\"><div><\/div><div><\/div><div><\/div><\/div><div class=\"braket-text\" data-mobile-font=\"inherit\" data-tablet-font=\"inherit\">Der Seeverkehr ist einer der Schl\u00fcsselfaktoren f\u00fcr ein starkes globales Lieferkettenmanagement. Als einer der f\u00fchrenden Seefrachtf\u00fchrer bieten wir effiziente Seefrachtl\u00f6sungen an, die auf Ihre Bed\u00fcrfnisse zugeschnitten sind. Von Full Container Loads (FCL) bis Less than Container Loads (LCL) auf allen wichtigen globalen Strecken mit garantierten Transitzeiten.<\/div><\/div><\/div><div class=\"gap et-clearfix \" style=\"height:32px\"><\/div>[vc_column_text]Wir sind stolz darauf, ein f\u00fchrender NVOCC-Betreiber zu sein, und \u00fcberwachen st\u00e4ndig die Servicestandards, um eine minimale Verweilzeit f\u00fcr Fracht an allen Hubs in der Region sicherzustellen. Als eines der zuverl\u00e4ssigsten Seefrachtunternehmen auf dem Markt verwalten wir alle Logistikverfahren im Zusammenhang mit Ihren internationalen Importen und Exporten: Auswahl der richtigen Transportunternehmen und Ausr\u00fcstung, Gew\u00e4hrleistung einer geeigneten und sicheren Verpackung f\u00fcr den Seetransport und \u00dcbernahme der Verantwortung f\u00fcr einen zuverl\u00e4ssigen Versand.<\/p>\n<p>Unser umfangreiches Angebot an Seefrachtdiensten umfasst die Unterst\u00fctzung bei der Beschleunigung dringender Sendungen und der Verwaltung gro\u00dfvolumiger Sendungen sowie intermodale Transportl\u00f6sungen. Wir arbeiten eng mit einem umfangreichen Portfolio globaler und regionaler Fluggesellschaften zusammen, sodass Sie eine gro\u00dfe Auswahl an Fluggesellschaften zur Auswahl haben.<\/p>\n<p>Mit der Konsolidierung als Kernkompetenz bieten wir einen un\u00fcbertroffenen Service mit globaler Netzabdeckung und direkter Konsolidierung zu mehr als 350 Zielen. Freight Systems hat enorme Investitionen get\u00e4tigt, um ein einfaches Produkt wie dieses zu unterst\u00fctzen, damit wir unseren Kunden einen Mehrwert bieten k\u00f6nnen, indem wir ihnen qualitativ hochwertige Dienstleistungen zu wettbewerbsf\u00e4higen Preisen anbieten.[\/vc_column_text][\/vc_column][vc_column animation_delay=&#8220;0&#8243; width=&#8220;1\/3&#8243; css=&#8220;.vc_custom_1530279884745{border-left-width: 1px !important;padding-left: 20% !important;border-left-color: #e0e0e0 !important;border-left-style: solid !important;border-radius: 1px !important;}&#8220; el_class=&#8220;et-element-column-with-border-left&#8220;][vc_widget_sidebar sidebar_id=&#8220;footer-3&#8243;][\/vc_column][\/vc_row][vc_row full_width=&#8220;stretch_row&#8220; gap=&#8220;40&#8243; parallax=&#8220;true&#8220; css=&#8220;.vc_custom_1603142811196{padding-top: 96px !important;padding-bottom: 72px !important;background-color: #f5f5f5 !important;}&#8220; parallax_image=&#8220;13322&#8243;][vc_column animation_delay=&#8220;0&#8243; css_animation=&#8220;bottom-to-top&#8220; css=&#8220;.vc_custom_1532433578210{padding-top: 40px !important;padding-right: 40px !important;padding-bottom: 40px !important;padding-left: 40px !important;background-color: #ffffff !important;}&#8220; el_class=&#8220;text-align-center&#8220; offset=&#8220;vc_col-lg-4 vc_col-md-4 vc_col-xs-12&#8243;]<div class=\"et-el-icon medium full\" style=\"color:#fd8c40;box-shadow:inset 0 0 0 4px #fd8c40;border-radius:500px;\"><span class=\"el-icon fa fa-check animate-false\"><\/span><\/div><div class=\"gap et-clearfix \" style=\"height:16px\"><\/div>[vc_column_text css=&#8220;.vc_custom_1603206446511{margin-bottom: 0px !important;}&#8220;]<\/p>\n<p style=\"text-align: center; font-size: 18px; line-height: 32px;\">Die Gesamtzahl der im Jahr 2018 umgeschlagenen FCL-Container betrug 3.612 Teus.<\/p>\n<p>[\/vc_column_text][\/vc_column][vc_column animation_delay=&#8220;150&#8243; css_animation=&#8220;bottom-to-top&#8220; el_class=&#8220;text-align-center&#8220; css=&#8220;.vc_custom_1532433590054{padding-top: 40px !important;padding-right: 40px !important;padding-bottom: 40px !important;padding-left: 40px !important;background-color: #ffffff !important;}&#8220; offset=&#8220;vc_col-lg-4 vc_col-md-4 vc_col-xs-12&#8243;]<div class=\"et-el-icon medium full\" style=\"color:#fd8c40;box-shadow:inset 0 0 0 4px #fd8c40;border-radius:500px;\"><span class=\"el-icon fa fa-check animate-false\"><\/span><\/div><div class=\"gap et-clearfix \" style=\"height:16px\"><\/div>[vc_column_text css=&#8220;.vc_custom_1603206488408{margin-bottom: 0px !important;}&#8220;]<\/p>\n<p style=\"text-align: center; font-size: 18px; line-height: 32px;\">Die Gesamt-LCL und die konventionelle Tonnage (Seefracht), die 2018 umgeschlagen wurden, betrugen 11.468 Tonnen.<\/p>\n<p>[\/vc_column_text][\/vc_column][vc_column animation_delay=&#8220;300&#8243; css_animation=&#8220;bottom-to-top&#8220; css=&#8220;.vc_custom_1532433601236{padding-top: 40px !important;padding-right: 40px !important;padding-bottom: 40px !important;padding-left: 40px !important;background-color: #ffffff !important;}&#8220; el_class=&#8220;text-align-center&#8220; offset=&#8220;vc_col-lg-4 vc_col-md-4 vc_col-xs-12&#8243;]<div class=\"et-el-icon medium full\" style=\"color:#fd8c40;box-shadow:inset 0 0 0 4px #fd8c40;border-radius:500px;\"><span class=\"el-icon fa fa-check animate-false\"><\/span><\/div><div class=\"gap et-clearfix \" style=\"height:16px\"><\/div>[vc_column_text css=&#8220;.vc_custom_1603206503914{margin-bottom: 0px !important;}&#8220;]<\/p>\n<p style=\"text-align: center; font-size: 18px; line-height: 32px;\">Leistungsabdeckung in Deutschland, Fernost, Europa, den USA und im Grunde genommen weltweit.<\/p>\n<p>[\/vc_column_text][\/vc_column][\/vc_row][vc_row gap=&#8220;40&#8243; css=&#8220;.vc_custom_1532256986285{padding-top: 64px !important;padding-bottom: 96px !important;}&#8220; el_id=&#8220;faq&#8220;][vc_column animation_delay=&#8220;0&#8243; offset=&#8220;vc_col-lg-12 vc_col-md-12 vc_col-xs-12&#8243;]<h6 class=\"et-highlight-title \" style=\"font-size:12px;font-weight:700;line-height:24px;letter-spacing:0.5px;color:#9a9a9a;\" data-mobile-font=\"inherit\" data-tablet-font=\"inherit\"><span class=\"title-inner\">Professionell und engagiert<span class=\"highlight-line\" style=\"background-color:#fd8c40;\"><\/span><\/span><\/h6><h3 id=\"et-animated-title-3\" class=\"et-animated-title et-clearfix  words-direct\" data-mobile-font=\"32px\" data-tablet-font=\"inherit\" data-delay=\"100\" style=\"font-size:48px;font-weight:700;line-height:56px;color:#212121;\"><span class=\"text-wrapper\"><span class=\"text\">Warum mit der Fleet Capital Group zusammenarbeiten?<\/span><\/span><\/h3><div class=\"gap et-clearfix \" style=\"height:48px\"><\/div><div class=\"et-accordion-wrapper\"><div id=\"et-accordion-1\" class=\"et-accordion et-clearfix collapsible-true\"><div class=\"active  toggle-title et-clearfix\"><h5 class=\"toggle-title-tag\">Erhalten Sie kompetente Unterst\u00fctzung<\/h5><span class=\"toggle-ind fa fa-plus\"><\/span><\/div> <div id=\"erhalten-sie-kompetente-unterstuetzung-1\" class=\"toggle-content et-clearfix\">[vc_column_text]Unsere engagierten lokalen Teams bieten fachliche Beratung und Unterst\u00fctzung mit fundiertem lokalen Wissen und Erfahrung in allen Bereichen, von Lebensmitteln, Getr\u00e4nken und Pharmazeutika bis hin zum Bauwesen.[\/vc_column_text]<\/div><div class=\"active  toggle-title et-clearfix\"><h5 class=\"toggle-title-tag\">Flexibilit\u00e4t erh\u00f6hen<\/h5><span class=\"toggle-ind fa fa-plus\"><\/span><\/div> <div id=\"flexibilitaet-erhoehen-2\" class=\"toggle-content et-clearfix\">[vc_column_text]Sie entscheiden, wo und wann Ihre Fracht geladen und geliefert wird.<\/p>\n<p>Wir wissen, dass Ihre Anforderungen je nach Kundennachfrage oder anderen Faktoren variieren k\u00f6nnen, und wir verf\u00fcgen \u00fcber die Ressourcen, um schnell auf diese \u00c4nderungen zu reagieren. Bei Bedarf stehen sichere Aufbewahrungsm\u00f6glichkeiten am Abfahrts- oder Ankunftshafen zur Verf\u00fcgung.[\/vc_column_text]<\/div><div class=\"active  toggle-title et-clearfix\"><h5 class=\"toggle-title-tag\">Bewegen Sie Ihre Waren schnell<\/h5><span class=\"toggle-ind fa fa-plus\"><\/span><\/div> <div id=\"bewegen-sie-ihre-waren-schnell-3\" class=\"toggle-content et-clearfix\">[vc_column_text]Wenn es um die Lieferung Ihrer Produkte geht, wissen wir, dass Zeit von entscheidender Bedeutung ist. Aus diesem Grund bem\u00fchen wir uns, die schnellstm\u00f6gliche Route zu finden, und nutzen unser umfangreiches intermodales System, um die Transitzeiten zu optimieren.[\/vc_column_text]<\/div><div class=\"active  toggle-title et-clearfix\"><h5 class=\"toggle-title-tag\">Kosten sparen<\/h5><span class=\"toggle-ind fa fa-plus\"><\/span><\/div> <div id=\"kosten-sparen-4\" class=\"toggle-content et-clearfix\">[vc_column_text]Dank des Umfangs unserer Gesch\u00e4ftst\u00e4tigkeit und unseres weitreichenden Netzwerks k\u00f6nnen wir wettbewerbsf\u00e4hige Preise anbieten. Unsere flexiblen, ma\u00dfgeschneiderten L\u00f6sungen werden an die spezifischen Anforderungen jedes Kunden angepasst und helfen Ihnen, Kosten zu sparen und Ihr Unternehmen in Bewegung zu halten.[\/vc_column_text]<\/div><div class=\"active  toggle-title et-clearfix\"><h5 class=\"toggle-title-tag\">Sch\u00fctzen Sie Ihre Waren<\/h5><span class=\"toggle-ind fa fa-plus\"><\/span><\/div> <div id=\"schuetzen-sie-ihre-waren-5\" class=\"toggle-content et-clearfix\">[vc_column_text]Ihre Fracht ist bei der Fleet Capital Group in sicheren H\u00e4nden. Wir lagern Waren in modernen, sicheren Containern, die nur minimale Zwischenstopps einlegen und w\u00e4hrend ihrer gesamten Reise verschlossen und versiegelt bleiben. Auf See sind die Container weniger zug\u00e4nglich als auf der Stra\u00dfe, wodurch das Risiko von Diebstahl, Besch\u00e4digung oder Kontamination verringert wird.[\/vc_column_text]<\/div><\/div><\/div><div class=\"gap et-clearfix hide1280\" style=\"height:56px\"><\/div>[\/vc_column][\/vc_row]<\/p>\n","protected":false},"excerpt":{"rendered":"<p>Leverage agile frameworks to provide a robust synopsis for high level overviews. Iterative approaches to corporate strategy foster collaborative thinking to further the overall value proposition. Organically grow the holistic world view of disruptive innovation via workplace diversity and empowerment.<\/p>\n","protected":false},"author":1,"featured_media":0,"parent":0,"menu_order":0,"comment_status":"closed","ping_status":"closed","template":"page-vc.php","meta":[],"_links":{"self":[{"href":"https:\/\/fleetcapitalgroup.com\/de\/wp-json\/wp\/v2\/pages\/15142"}],"collection":[{"href":"https:\/\/fleetcapitalgroup.com\/de\/wp-json\/wp\/v2\/pages"}],"about":[{"href":"https:\/\/fleetcapitalgroup.com\/de\/wp-json\/wp\/v2\/types\/page"}],"author":[{"embeddable":true,"href":"https:\/\/fleetcapitalgroup.com\/de\/wp-json\/wp\/v2\/users\/1"}],"replies":[{"embeddable":true,"href":"https:\/\/fleetcapitalgroup.com\/de\/wp-json\/wp\/v2\/comments?post=15142"}],"version-history":[{"count":3,"href":"https:\/\/fleetcapitalgroup.com\/de\/wp-json\/wp\/v2\/pages\/15142\/revisions"}],"predecessor-version":[{"id":15145,"href":"https:\/\/fleetcapitalgroup.com\/de\/wp-json\/wp\/v2\/pages\/15142\/revisions\/15145"}],"wp:attachment":[{"href":"https:\/\/fleetcapitalgroup.com\/de\/wp-json\/wp\/v2\/media?parent=15142"}],"curies":[{"name":"wp","href":"https:\/\/api.w.org\/{rel}","templated":true}]}}