{"id":15137,"date":"2018-06-14T09:32:25","date_gmt":"2018-06-14T09:32:25","guid":{"rendered":"https:\/\/fleetcapitalgroup.com\/expertise\/"},"modified":"2020-10-20T15:12:20","modified_gmt":"2020-10-20T15:12:20","slug":"expertise","status":"publish","type":"page","link":"https:\/\/fleetcapitalgroup.com\/de\/expertise\/","title":{"rendered":"Sachverstand"},"content":{"rendered":"<p>[vc_section][vc_row gap=&#8220;0&#8243; css=&#8220;.vc_custom_1531843586639{padding-top: 96px !important;}&#8220;][vc_column animation_delay=&#8220;0&#8243; offset=&#8220;vc_col-lg-6 vc_col-md-8 vc_col-xs-12&#8243;]<h3 id=\"et-animated-title-1\" class=\"et-animated-title et-clearfix  words-direct\" data-mobile-font=\"32px\" data-tablet-font=\"inherit\" data-delay=\"100\" style=\"font-size:48px;font-weight:700;line-height:56px;color:#212121;\"><span class=\"text-wrapper\"><span class=\"text\">Unsere Expertise zu Ihren Diensten.<\/span><\/span><\/h3>[\/vc_column][\/vc_row][vc_row gap=&#8220;80&#8243; content_placement=&#8220;middle&#8220; css_animation=&#8220;fadeIn&#8220; css=&#8220;.vc_custom_1532424606103{padding-top: 40px !important;padding-bottom: 64px !important;}&#8220;][vc_column animation_delay=&#8220;0&#8243; offset=&#8220;vc_col-lg-12 vc_col-md-12 vc_col-xs-12&#8243;]<div class=\"et-tab-wrapper\"><div id=\"et-tab-1\" class=\"et-tab center-false et-clearfix horizontal\"><div data-target=\"tab-versandloesungen\" class=\"active tab et-clearfix\"><h5 class=\"tab-title-tag\">Versandl\u00f6sungen<\/h5><\/div> <div id=\"tab-versandloesungen-1\" class=\"tab-content et-clearfix\">[vc_column_text]<\/p>\n<p style=\"font-size: 24px; line-height: 32px;\"><img decoding=\"async\" loading=\"lazy\" class=\"alignnone size-full wp-image-15067\" src=\"https:\/\/fleetcapitalgroup.com\/wp-content\/uploads\/2020\/10\/expertise1.jpg\" alt=\"\" width=\"1136\" height=\"400\" srcset=\"https:\/\/fleetcapitalgroup.com\/wp-content\/uploads\/2020\/10\/expertise1.jpg 1136w, https:\/\/fleetcapitalgroup.com\/wp-content\/uploads\/2020\/10\/expertise1-300x106.jpg 300w, https:\/\/fleetcapitalgroup.com\/wp-content\/uploads\/2020\/10\/expertise1-1024x361.jpg 1024w, https:\/\/fleetcapitalgroup.com\/wp-content\/uploads\/2020\/10\/expertise1-768x270.jpg 768w\" sizes=\"(max-width: 1136px) 100vw, 1136px\" \/><\/p>\n<p style=\"font-size: 24px; line-height: 32px;\">Als f\u00fchrender physischer Rohstoffh\u00e4ndler steht die Schifffahrt im Mittelpunkt des Gesch\u00e4fts der Fleet Capital Group. Die effiziente und p\u00fcnktliche Lieferung von Waren ist ein wesentlicher Bestandteil unseres Handelns und bietet uns einen einzigartigen Einblick in die weltweiten Schifffahrtsstr\u00f6me und -trends.<\/p>\n<p style=\"font-size: 18px; line-height: 32px;\">Wir bieten engagierte Transport- und Logistikl\u00f6sungen in Europa und auf der ganzen Welt mit individuellem pers\u00f6nlichem Service und garantierter Qualit\u00e4t.<\/p>\n<p>[\/vc_column_text]<\/div><div data-target=\"tab-handelsgeschaefte\" class=\"false tab et-clearfix\"><h5 class=\"tab-title-tag\">Handelsgesch\u00e4fte<\/h5><\/div> <div id=\"tab-handelsgeschaefte-2\" class=\"tab-content et-clearfix\">[vc_column_text]<\/p>\n<p style=\"font-size: 24px; line-height: 32px;\"><img decoding=\"async\" loading=\"lazy\" class=\"alignnone size-full wp-image-15071\" src=\"https:\/\/fleetcapitalgroup.com\/wp-content\/uploads\/2020\/10\/expertise2.jpg\" alt=\"\" width=\"1136\" height=\"400\" srcset=\"https:\/\/fleetcapitalgroup.com\/wp-content\/uploads\/2020\/10\/expertise2.jpg 1136w, https:\/\/fleetcapitalgroup.com\/wp-content\/uploads\/2020\/10\/expertise2-300x106.jpg 300w, https:\/\/fleetcapitalgroup.com\/wp-content\/uploads\/2020\/10\/expertise2-1024x361.jpg 1024w, https:\/\/fleetcapitalgroup.com\/wp-content\/uploads\/2020\/10\/expertise2-768x270.jpg 768w\" sizes=\"(max-width: 1136px) 100vw, 1136px\" \/><\/p>\n<p style=\"font-size: 24px; line-height: 32px;\">Der Erfolg der Fleet Capital Group als Rohstoffh\u00e4ndler beruht auf einer hervorragenden Grundlage.<\/p>\n<p style=\"font-size: 18px; line-height: 32px;\">Wir kombinieren die Kernkompetenzen Marketing, Logistik, Finanzierung, Risikomanagement und Compliance mit den Kenntnissen und Erkenntnissen aus nachhaltigen Lieferanten- und Kundenbeziehungen.<\/p>\n<p>[\/vc_column_text]<\/div><div data-target=\"tab-finanzierung\" class=\"false tab et-clearfix\"><h5 class=\"tab-title-tag\">Finanzierung<\/h5><\/div> <div id=\"tab-finanzierung-3\" class=\"tab-content et-clearfix\">[vc_column_text]<\/p>\n<p style=\"font-size: 24px; line-height: 32px;\"><img decoding=\"async\" loading=\"lazy\" class=\"alignnone size-full wp-image-15075\" src=\"https:\/\/fleetcapitalgroup.com\/wp-content\/uploads\/2020\/10\/expertise3.jpg\" alt=\"\" width=\"1136\" height=\"400\" srcset=\"https:\/\/fleetcapitalgroup.com\/wp-content\/uploads\/2020\/10\/expertise3.jpg 1136w, https:\/\/fleetcapitalgroup.com\/wp-content\/uploads\/2020\/10\/expertise3-300x106.jpg 300w, https:\/\/fleetcapitalgroup.com\/wp-content\/uploads\/2020\/10\/expertise3-1024x361.jpg 1024w, https:\/\/fleetcapitalgroup.com\/wp-content\/uploads\/2020\/10\/expertise3-768x270.jpg 768w\" sizes=\"(max-width: 1136px) 100vw, 1136px\" \/><\/p>\n<p style=\"font-size: 24px; line-height: 32px;\">Der Erfolg unserer Marketingaktivit\u00e4ten h\u00e4ngt von der Vielfalt unserer Waren, Lieferanten, Kunden und Verm\u00f6genswerte ab.<\/p>\n<p style=\"font-size: 18px; line-height: 32px;\">Im Zentrum unseres Marketinggesch\u00e4fts steht ein Netzwerk strategisch g\u00fcnstig gelegener Assets, mit denen wir Waren und Produkte verarbeiten, lagern und transportieren k\u00f6nnen. Wir k\u00f6nnen kurz- und langfristige Finanzierungen f\u00fcr Kunden und Lieferanten arrangieren und so dazu beitragen, Angebot und Nachfrage nach Rohstoffen langfristig sicherzustellen.<\/p>\n<p>[\/vc_column_text]<\/div><\/div><\/div>[\/vc_column][\/vc_row][\/vc_section][vc_row full_width=&#8220;stretch_row&#8220; gap=&#8220;0&#8243; disable_element=&#8220;yes&#8220; css=&#8220;.vc_custom_1603119843484{padding-top: 96px !important;padding-bottom: 72px !important;background-color: #f5f5f5 !important;}&#8220; el_class=&#8220;et-carousel-custom-nav-color&#8220;][vc_column animation_delay=&#8220;0&#8243; css_animation=&#8220;none&#8220;]<h6 class=\"et-highlight-title \" style=\"font-size:12px;font-weight:700;line-height:24px;letter-spacing:0.5px;color:#9a9a9a;\" data-mobile-font=\"inherit\" data-tablet-font=\"inherit\"><span class=\"title-inner\">GLOBAX TEAM<span class=\"highlight-line\" style=\"background-color:#fd8c40;\"><\/span><\/span><\/h6><h3 id=\"et-animated-title-2\" class=\"et-animated-title et-clearfix  words-direct\" data-mobile-font=\"32px\" data-tablet-font=\"inherit\" data-delay=\"100\" style=\"font-size:48px;font-weight:700;line-height:56px;color:#212121;\"><span class=\"text-wrapper\"><span class=\"text\">Meat the <span class=\"highlight\" style=\"color: #fd8c40;\">GLOBAX<\/span> team<\/span><\/span><\/h3><div class=\"gap et-clearfix \" style=\"height:56px\"><\/div><div class=\"et-carousel-wrapper\"><style>#loop-carousel-1 .loop-carousel {margin-left:-20px;margin-right:-20px;}#loop-carousel-1 .loop-carousel .et-carousel-item {padding-left:20px;padding-right:20px;padding-bottom:40px}#loop-carousel-1 .owl-nav > .owl-prev {left:-72px}#loop-carousel-1 .owl-nav > .owl-next {right:-72px}<\/style><div id=\"loop-carousel-1\" class=\"loop-carousel et-clearfix autoplay-false navigation-only-arrows\"><div class=\"owl-carousel loop-carousel\" data-columns=\"3\"><div class=\"et-carousel-item et-clearfix\"><div id=\"et-person-1\" class=\"et-person\"><div class=\"overlay-hover\"><div class=\"image post-image\"><div class=\"image-container\"><img width=\"588\" height=\"588\" alt=\"\" src=\"https:\/\/fleetcapitalgroup.com\/wp-content\/uploads\/2018\/07\/person1-1.jpg\"><\/div><\/div><div class=\"et-social-links social-links full et-clearfix\"><a class=\"et-icon-google\" href=\"\/\/googleplus.com\"><\/a><a class=\"et-icon-facebook\" href=\"\/\/facebook.com\"><\/a><a class=\"et-icon-twitter\" href=\"\/\/twitter.com\"><\/a><a class=\"et-icon-email\" href=\"mailto:support@enovathemes.com\"><\/a><\/div><\/div><div class=\"stylish-box-wrapper et-clearfix under-image-content\"><div class=\"stylish-box\"><p class=\"person-subtitle stylish-dash\">Analytics<\/p><h5 class=\"person-title\">Alex Smith<\/h5><\/div><div class=\"stylish-box\"><a href=\"#\" class=\"et-button stylish-button small\">Contacts<\/a><\/div><\/div><\/div><\/div><div class=\"et-carousel-item et-clearfix\"><div id=\"et-person-2\" class=\"et-person\"><div class=\"overlay-hover\"><div class=\"image post-image\"><div class=\"image-container\"><img width=\"588\" height=\"588\" alt=\"\" src=\"https:\/\/fleetcapitalgroup.com\/wp-content\/uploads\/2018\/07\/person4-1.jpg\"><\/div><\/div><div class=\"et-social-links social-links full et-clearfix\"><a class=\"et-icon-google\" href=\"\/\/googleplus.com\"><\/a><a class=\"et-icon-facebook\" href=\"\/\/facebook.com\"><\/a><a class=\"et-icon-twitter\" href=\"\/\/twitter.com\"><\/a><a class=\"et-icon-email\" href=\"mailto:support@enovathemes.com\"><\/a><\/div><\/div><div class=\"stylish-box-wrapper et-clearfix under-image-content\"><div class=\"stylish-box\"><p class=\"person-subtitle stylish-dash\">Marketing<\/p><h5 class=\"person-title\">Alex Richards<\/h5><\/div><div class=\"stylish-box\"><a href=\"#\" class=\"et-button stylish-button small\">Contacts<\/a><\/div><\/div><\/div><\/div><div class=\"et-carousel-item et-clearfix\"><div id=\"et-person-3\" class=\"et-person\"><div class=\"overlay-hover\"><div class=\"image post-image\"><div class=\"image-container\"><img width=\"588\" height=\"588\" alt=\"\" src=\"https:\/\/fleetcapitalgroup.com\/wp-content\/uploads\/2018\/07\/person2-1.jpg\"><\/div><\/div><div class=\"et-social-links social-links full et-clearfix\"><a class=\"et-icon-google\" href=\"\/\/googleplus.com\"><\/a><a class=\"et-icon-facebook\" href=\"\/\/facebook.com\"><\/a><a class=\"et-icon-twitter\" href=\"\/\/twitter.com\"><\/a><a class=\"et-icon-email\" href=\"mailto:support@enovathemes.com\"><\/a><\/div><\/div><div class=\"stylish-box-wrapper et-clearfix under-image-content\"><div class=\"stylish-box\"><p class=\"person-subtitle stylish-dash\">Finance<\/p><h5 class=\"person-title\">Lila Brown<\/h5><\/div><div class=\"stylish-box\"><a href=\"#\" class=\"et-button stylish-button small\">Contacts<\/a><\/div><\/div><\/div><\/div><div class=\"et-carousel-item et-clearfix\"><div id=\"et-person-4\" class=\"et-person\"><div class=\"overlay-hover\"><div class=\"image post-image\"><div class=\"image-container\"><img width=\"588\" height=\"588\" alt=\"\" src=\"https:\/\/fleetcapitalgroup.com\/wp-content\/uploads\/2018\/07\/person6-1.jpg\"><\/div><\/div><div class=\"et-social-links social-links full et-clearfix\"><a class=\"et-icon-google\" href=\"\/\/googleplus.com\"><\/a><a class=\"et-icon-facebook\" href=\"\/\/facebook.com\"><\/a><a class=\"et-icon-twitter\" href=\"\/\/twitter.com\"><\/a><a class=\"et-icon-email\" href=\"mailto:support@enovathemes.com\"><\/a><\/div><\/div><div class=\"stylish-box-wrapper et-clearfix under-image-content\"><div class=\"stylish-box\"><p class=\"person-subtitle stylish-dash\">SEO manager<\/p><h5 class=\"person-title\">Michael Smith<\/h5><\/div><div class=\"stylish-box\"><a href=\"#\" class=\"et-button stylish-button small\">Contacts<\/a><\/div><\/div><\/div><\/div><div class=\"et-carousel-item et-clearfix\"><div id=\"et-person-5\" class=\"et-person\"><div class=\"overlay-hover\"><div class=\"image post-image\"><div class=\"image-container\"><img width=\"588\" height=\"588\" alt=\"\" src=\"https:\/\/fleetcapitalgroup.com\/wp-content\/uploads\/2018\/07\/person5-1.jpg\"><\/div><\/div><div class=\"et-social-links social-links full et-clearfix\"><a class=\"et-icon-google\" href=\"\/\/googleplus.com\"><\/a><a class=\"et-icon-facebook\" href=\"\/\/facebook.com\"><\/a><a class=\"et-icon-twitter\" href=\"\/\/twitter.com\"><\/a><a class=\"et-icon-email\" href=\"mailto:support@enovathemes.com\"><\/a><\/div><\/div><div class=\"stylish-box-wrapper et-clearfix under-image-content\"><div class=\"stylish-box\"><p class=\"person-subtitle stylish-dash\">Creative director<\/p><h5 class=\"person-title\">Samanta Brown<\/h5><\/div><div class=\"stylish-box\"><a href=\"#\" class=\"et-button stylish-button small\">Contacts<\/a><\/div><\/div><\/div><\/div><div class=\"et-carousel-item et-clearfix\"><div id=\"et-person-6\" class=\"et-person\"><div class=\"overlay-hover\"><div class=\"image post-image\"><div class=\"image-container\"><img width=\"588\" height=\"588\" alt=\"\" src=\"https:\/\/fleetcapitalgroup.com\/wp-content\/uploads\/2018\/07\/person3-1.jpg\"><\/div><\/div><div class=\"et-social-links social-links full et-clearfix\"><a class=\"et-icon-google\" href=\"\/\/googleplus.com\"><\/a><a class=\"et-icon-facebook\" href=\"\/\/facebook.com\"><\/a><a class=\"et-icon-twitter\" href=\"\/\/twitter.com\"><\/a><a class=\"et-icon-email\" href=\"mailto:support@enovathemes.com\"><\/a><\/div><\/div><div class=\"stylish-box-wrapper et-clearfix under-image-content\"><div class=\"stylish-box\"><p class=\"person-subtitle stylish-dash\">Support<\/p><h5 class=\"person-title\">Simon Bond<\/h5><\/div><div class=\"stylish-box\"><a href=\"#\" class=\"et-button stylish-button small\">Contacts<\/a><\/div><\/div><\/div><\/div><\/div><\/div><\/div>[\/vc_column][\/vc_row][vc_row gap=&#8220;0&#8243; disable_element=&#8220;yes&#8220; css=&#8220;.vc_custom_1603119853963{padding-top: 96px !important;}&#8220;][vc_column animation_delay=&#8220;0&#8243; offset=&#8220;vc_col-lg-6 vc_col-md-8 vc_col-xs-12&#8243;]<h6 class=\"et-highlight-title \" style=\"font-size:12px;font-weight:700;line-height:24px;letter-spacing:0.5px;color:#9a9a9a;\" data-mobile-font=\"inherit\" data-tablet-font=\"inherit\"><span class=\"title-inner\">CONTACT MANAGER<span class=\"highlight-line\" style=\"background-color:#fd8c40;\"><\/span><\/span><\/h6><h3 id=\"et-animated-title-3\" class=\"et-animated-title et-clearfix  words-direct\" data-mobile-font=\"32px\" data-tablet-font=\"inherit\" data-delay=\"100\" style=\"font-size:48px;font-weight:700;line-height:56px;color:#212121;\"><span class=\"text-wrapper\"><span class=\"text\">Globax Logistics Regional managers<\/span><\/span><\/h3>[\/vc_column][vc_column animation_delay=&#8220;0&#8243; width=&#8220;1\/2&#8243; offset=&#8220;vc_hidden-lg vc_hidden-md vc_hidden-sm vc_hidden-xs&#8220;][\/vc_column][\/vc_row][vc_row disable_element=&#8220;yes&#8220; css=&#8220;.vc_custom_1603119861332{padding-top: 56px !important;padding-bottom: 72px !important;}&#8220;][vc_column animation_delay=&#8220;0&#8243; offset=&#8220;vc_col-lg-6 vc_col-md-12 vc_col-xs-12&#8243;]<div id=\"et-person-1\" class=\"et-person-alt\"><div class=\"image\"><div class=\"image-container\"><img width=\"588\" height=\"588\" alt=\"\" src=\"https:\/\/fleetcapitalgroup.com\/wp-content\/uploads\/2018\/07\/person1-1.jpg\"><\/div><\/div><div class=\"under-image-content\"><h5 class=\"person-title\">Jesper Sonnerup<\/h5><p class=\"person-content\">Regional Management&lt;br \/&gt;\nDirect: +15 9780 1365&lt;br \/&gt;\nMobile: +15 9255 2811<\/p><a href=\"mailto:mail@mail.com\" class=\"et-button stylish-button medium\">Send message<\/a><\/div><\/div><div class=\"gap et-clearfix \" style=\"height:32px\"><\/div><div id=\"et-person-2\" class=\"et-person-alt\"><div class=\"image\"><div class=\"image-container\"><img width=\"588\" height=\"588\" alt=\"\" src=\"https:\/\/fleetcapitalgroup.com\/wp-content\/uploads\/2018\/07\/person2-1.jpg\"><\/div><\/div><div class=\"under-image-content\"><h5 class=\"person-title\">Samanta Brown<\/h5><p class=\"person-content\">Finance Consultant&lt;br \/&gt;\nDirect: +15 9780 1365&lt;br \/&gt;\nMobile: +15 9255 2811<\/p><a href=\"mailto:mail@mail.com\" class=\"et-button stylish-button medium\">Send message<\/a><\/div><\/div>[\/vc_column][vc_column animation_delay=&#8220;0&#8243; offset=&#8220;vc_col-lg-6 vc_col-md-12 vc_col-xs-12&#8243;]<div id=\"et-person-3\" class=\"et-person-alt\"><div class=\"image\"><div class=\"image-container\"><img width=\"588\" height=\"588\" alt=\"\" src=\"https:\/\/fleetcapitalgroup.com\/wp-content\/uploads\/2018\/07\/person4-1.jpg\"><\/div><\/div><div class=\"under-image-content\"><h5 class=\"person-title\">Michael Smith<\/h5><p class=\"person-content\">IT Consultant&lt;br \/&gt;\nDirect: +15 9780 1365&lt;br \/&gt;\nMobile: +15 9255 2811<\/p><a href=\"mailto:mail@mail.com\" class=\"et-button stylish-button medium\">Send message<\/a><\/div><\/div><div class=\"gap et-clearfix \" style=\"height:32px\"><\/div><div id=\"et-person-4\" class=\"et-person-alt\"><div class=\"image\"><div class=\"image-container\"><img width=\"588\" height=\"588\" alt=\"\" src=\"https:\/\/fleetcapitalgroup.com\/wp-content\/uploads\/2018\/07\/person3-1.jpg\"><\/div><\/div><div class=\"under-image-content\"><h5 class=\"person-title\">Simon Bond<\/h5><p class=\"person-content\">Regional Consultant&lt;br \/&gt;\nDirect: +15 9780 1365&lt;br \/&gt;\nMobile: +15 9255 2811<\/p><a href=\"mailto:mail@mail.com\" class=\"et-button stylish-button medium\">Send message<\/a><\/div><\/div>[\/vc_column][\/vc_row][vc_row disable_element=&#8220;yes&#8220; css=&#8220;.vc_custom_1603121040516{padding-top: 72px !important;padding-bottom: 72px !important;}&#8220;][vc_column]<div class=\"sep-wrap left   et-clearfix\" data-delay=\"0\"><div class=\"et-separator solid\" style=\"margin-bottom:72px;height:1px;width:100%;border-bottom-width:1px;border-bottom-style:solid;border-bottom-color:#e0e0e0;\"><\/div><\/div>[vc_row_inner][vc_column_inner width=&#8220;1\/6&#8243;][\/vc_column_inner][vc_column_inner el_class=&#8220;text-align-center&#8220; width=&#8220;2\/3&#8243;]<h3 id=\"et-animated-title-4\" class=\"et-animated-title et-clearfix  words-direct\" data-mobile-font=\"32px\" data-tablet-font=\"inherit\" data-delay=\"100\" style=\"font-size:48px;font-weight:700;line-height:56px;color:#212121;\"><span class=\"text-wrapper\"><span class=\"text\">The history of dynamic and progressive thinking<\/span><\/span><\/h3><div class=\"gap et-clearfix \" style=\"height:32px\"><\/div>[vc_custom_heading text=&#8220;GLOBAX\u2019s history has been characterised by far-reaching decisions and progressive thinking. It is a story of a dynamic, internationally oriented company with an unwavering appreciation of customer needs.&#8220; font_container=&#8220;tag:p|font_size:24px|text_align:center|line_height:32px&#8220; use_theme_fonts=&#8220;yes&#8220;][\/vc_column_inner][vc_column_inner width=&#8220;1\/6&#8243;][\/vc_column_inner][\/vc_row_inner]<div class=\"et-timeline-wrapper\"><div id=\"et-timeline-1\" class=\"et-timeline et-clearfix\"><div class=\"et-timeline-item et-clearfix\"><h5 class=\"timeline-item-title\">1972<\/h5><span class=\"timeline-item-icon fa fa-map-marker-alt\"><\/span><div id=\"1972-1\" class=\"timeline-item-content et-clearfix\">[vc_custom_heading text=&#8220;Foundation&#8220; font_container=&#8220;tag:h5|text_align:left&#8220; use_theme_fonts=&#8220;yes&#8220;][vc_column_text]Leverage agile frameworks to provide a robust synopsis for high level overviews. Iterative approaches to corporate strategy foster collaborative thinking to further the overall value proposition. Organically grow the holistic world view of disruptive innovation via workplace diversity and empowerment.[\/vc_column_text]<\/div><\/div><div class=\"et-timeline-item et-clearfix\"><h5 class=\"timeline-item-title\">1974<\/h5><span class=\"timeline-item-icon fa fa-map-marker-alt\"><\/span><div id=\"1974-2\" class=\"timeline-item-content et-clearfix\">[vc_custom_heading text=&#8220;First 1M cargo transportation&#8220; font_container=&#8220;tag:h5|text_align:left&#8220; use_theme_fonts=&#8220;yes&#8220;][vc_column_text]Leverage agile frameworks to provide a robust synopsis for high level overviews. Iterative approaches to corporate strategy foster collaborative thinking to further the overall value proposition. Organically grow the holistic world view of disruptive innovation via workplace diversity and empowerment.[\/vc_column_text]<\/div><\/div><div class=\"et-timeline-item et-clearfix\"><h5 class=\"timeline-item-title\">1979<\/h5><span class=\"timeline-item-icon fa fa-map-marker-alt\"><\/span><div id=\"1979-3\" class=\"timeline-item-content et-clearfix\">[vc_custom_heading text=&#8220;IPO&#8220; font_container=&#8220;tag:h5|text_align:left&#8220; use_theme_fonts=&#8220;yes&#8220;][vc_column_text]Leverage agile frameworks to provide a robust synopsis for high level overviews. Iterative approaches to corporate strategy foster collaborative thinking to further the overall value proposition. Organically grow the holistic world view of disruptive innovation via workplace diversity and empowerment.[\/vc_column_text]<\/div><\/div><\/div><\/div>[\/vc_column][\/vc_row]<\/p>\n","protected":false},"excerpt":{"rendered":"<p>Leverage agile frameworks to provide a robust synopsis for high level overviews. Iterative approaches to corporate strategy foster collaborative thinking to further the overall value proposition. Organically grow the holistic world view of disruptive innovation via workplace diversity and empowerment.<\/p>\n","protected":false},"author":1,"featured_media":0,"parent":0,"menu_order":0,"comment_status":"closed","ping_status":"closed","template":"page-vc.php","meta":[],"_links":{"self":[{"href":"https:\/\/fleetcapitalgroup.com\/de\/wp-json\/wp\/v2\/pages\/15137"}],"collection":[{"href":"https:\/\/fleetcapitalgroup.com\/de\/wp-json\/wp\/v2\/pages"}],"about":[{"href":"https:\/\/fleetcapitalgroup.com\/de\/wp-json\/wp\/v2\/types\/page"}],"author":[{"embeddable":true,"href":"https:\/\/fleetcapitalgroup.com\/de\/wp-json\/wp\/v2\/users\/1"}],"replies":[{"embeddable":true,"href":"https:\/\/fleetcapitalgroup.com\/de\/wp-json\/wp\/v2\/comments?post=15137"}],"version-history":[{"count":3,"href":"https:\/\/fleetcapitalgroup.com\/de\/wp-json\/wp\/v2\/pages\/15137\/revisions"}],"predecessor-version":[{"id":15140,"href":"https:\/\/fleetcapitalgroup.com\/de\/wp-json\/wp\/v2\/pages\/15137\/revisions\/15140"}],"wp:attachment":[{"href":"https:\/\/fleetcapitalgroup.com\/de\/wp-json\/wp\/v2\/media?parent=15137"}],"curies":[{"name":"wp","href":"https:\/\/api.w.org\/{rel}","templated":true}]}}