{"id":15132,"date":"2018-02-28T07:40:29","date_gmt":"2018-02-28T07:40:29","guid":{"rendered":"https:\/\/fleetcapitalgroup.com\/about-us\/"},"modified":"2020-10-20T14:41:11","modified_gmt":"2020-10-20T14:41:11","slug":"about-us","status":"publish","type":"page","link":"https:\/\/fleetcapitalgroup.com\/de\/about-us\/","title":{"rendered":"\u00dcber uns"},"content":{"rendered":"<p>[vc_row gap=&#8220;0&#8243; css=&#8220;.vc_custom_1532006514275{padding-top: 96px !important;}&#8220;][vc_column animation_delay=&#8220;0&#8243; offset=&#8220;vc_col-lg-6 vc_col-md-8 vc_col-xs-12&#8243;]<h3 id=\"et-animated-title-1\" class=\"et-animated-title et-clearfix  words-direct\" data-mobile-font=\"32px\" data-tablet-font=\"inherit\" data-delay=\"0\" style=\"font-size:48px;font-weight:700;line-height:56px;color:#212121;\"><span class=\"text-wrapper\"><span class=\"text\">Die <span class=\"highlight\" style=\"color: #fd8c40;\">Fleet Capital Group<\/span> ist ein Rohstoffhandelsunternehmen.<\/span><\/span><\/h3>[\/vc_column][vc_column animation_delay=&#8220;0&#8243; width=&#8220;1\/2&#8243; offset=&#8220;vc_hidden-lg vc_hidden-md vc_hidden-sm vc_hidden-xs&#8220;][\/vc_column][\/vc_row][vc_row gap=&#8220;80&#8243; css=&#8220;.vc_custom_1532006500755{padding-bottom: 72px !important;}&#8220;][vc_column width=&#8220;2\/3&#8243;]<div class=\"et-simple-braket-block-wrapper\"><style>#et-simple-braket-block-1 .braket-text {font-size:24px;font-weight:400;line-height:32px;}#et-simple-braket-block-1 .braket > div  {background-color:#fd8c40;}<\/style><div id=\"et-simple-braket-block-1\" class=\"et-simple-braket-block \"><div class=\"braket\"><div><\/div><div><\/div><div><\/div><\/div><div class=\"braket-text\" data-mobile-font=\"inherit\" data-tablet-font=\"inherit\">Mit unserem logistischen Know-how und unserem Infrastrukturnetzwerk handeln und vertreiben wir Waren sicher und verantwortungsbewusst auf der ganzen Welt.<\/div><\/div><\/div><div class=\"gap et-clearfix \" style=\"height:32px\"><\/div>[vc_column_text]Wir sind fest davon \u00fcberzeugt, dass unsere Philosophie &#8211; unabh\u00e4ngige, solide Gesch\u00e4ftspraktiken und Zuverl\u00e4ssigkeit &#8211; die Grundlage f\u00fcr langfristigen Erfolg ist. Wir teilen eine Reihe gemeinsamer Werte, die unser Handeln und Verhalten bestimmen. Wir verpflichten uns, respektvoll miteinander umzugehen, die von uns eingegangenen Verpflichtungen einzuhalten und mit Integrit\u00e4t und Verantwortung zu handeln. Unsere Werte symbolisieren unser Engagement und bilden die S\u00e4ulen, auf denen unsere Mission und Vision fest ruhen k\u00f6nnen. Es ist unsere Vision, die uns antreibt. Unser Weg dorthin ist durch unsere Mission klar definiert.<\/p>\n<p>Unser Ziel ist es, die Waren, die den Alltag voranbringen, verantwortungsbewusst zu beschaffen. Wir tun dies, indem wir unsere Strategie umsetzen, in jeder Phase der Rohstoffversorgungskette aktiv zu sein.<\/p>\n<p>\u00dcber unsere Versandabteilungen haben wir einen globalen Handelsbetrieb aufgebaut. Als eines der weltweit gr\u00f6\u00dften unabh\u00e4ngigen Handelsunternehmen verbinden wir Kontrahenten auf der ganzen Welt. Wir tun dies, indem wir Angebot und Nachfrage in Einklang bringen, Lieferketten optimieren und unser Gesch\u00e4ft nach ihren Bed\u00fcrfnissen konfigurieren.[\/vc_column_text][\/vc_column][vc_column animation_delay=&#8220;0&#8243; width=&#8220;1\/3&#8243; css=&#8220;.vc_custom_1530279884745{border-left-width: 1px !important;padding-left: 20% !important;border-left-color: #e0e0e0 !important;border-left-style: solid !important;border-radius: 1px !important;}&#8220; el_class=&#8220;et-element-column-with-border-left&#8220;][vc_custom_heading text=&#8220;DIENSTLEISTUNGEN&#8220; font_container=&#8220;tag:h5|text_align:left&#8220; use_theme_fonts=&#8220;yes&#8220; el_class=&#8220;letter-spacing-50&#8243;][vc_column_text]<\/p>\n<ul>\n<li><strong>Versandl\u00f6sungen<\/strong>\n<ul>\n<li>Seefracht<\/li>\n<li>Versand &amp; Charter<\/li>\n<li>Groupage<\/li>\n<\/ul>\n<\/li>\n<li><strong>Handelsgesch\u00e4fte<\/strong>\n<ul>\n<li>Metalle &amp; Mineralien<\/li>\n<li>\u00d6l &amp; Erd\u00f6lprodukte<\/li>\n<li>Strom und erneuerbar<\/li>\n<\/ul>\n<\/li>\n<li><strong>Finanzierung<\/strong>\n<ul>\n<li>Handelsfinanzierung<\/li>\n<li>Supply Chain Finanzierung<\/li>\n<\/ul>\n<\/li>\n<li><strong>Kundenspezifische L\u00f6sungen<\/strong><\/li>\n<\/ul>\n<p>[\/vc_column_text][\/vc_column][\/vc_row][vc_row full_width=&#8220;stretch_row&#8220; gap=&#8220;0&#8243; css=&#8220;.vc_custom_1531476452701{padding-top: 0px !important;padding-bottom: 0px !important;background: #fd8c40 url(https:\/\/enovathemes.com\/globax\/wp-content\/uploads\/globus_image_large.jpg?id=12267) !important;background-position: center !important;background-repeat: no-repeat !important;background-size: contain !important;}&#8220; el_id=&#8220;background-position-75&#8243;][vc_column]<div class=\"gap et-clearfix hide767\" style=\"height:104px\"><\/div><div class=\"gap et-clearfix hide768\" style=\"height:24px\"><\/div><div class=\"et-ghost-title-wrapper\"><style>#et-ghost-title-1 {min-height:256px;padding-top:128px;}#et-ghost-title-1 .ghost-title {font-size:256px;line-height:256px;font-weight:700;color:rgba(0,0,0,0.1);left:-4px;}<\/style><div id=\"et-ghost-title-1\" class=\"et-ghost-title et-clearfix \" data-mobile-font=\"96px\" data-tablet-font=\"inherit\"><div class=\"ghost-title\">2020<\/div><div class=\"ghost-content et-clearfix\">[vc_custom_heading text=&#8220;Fleet Capital Group<br \/>\nin Zahlen&#8220; font_container=&#8220;tag:h3|font_size:70px|text_align:left|color:%23ffffff|line_height:70px&#8220; use_theme_fonts=&#8220;yes&#8220; mobile_font_size=&#8220;32px&#8220;][vc_row_inner][vc_column_inner width=&#8220;1\/2&#8243; offset=&#8220;vc_col-lg-3 vc_col-md-3 vc_col-xs-12&#8243;]<div class=\"gap et-clearfix \" style=\"height:8px\"><\/div><p data-to=\"4800\" class=\"et-counter et-clearfix\" style=\"font-size:48px;font-weight:400;line-height:56px;color:#212121;\"><span class=\"counter\"><\/span><\/p><h6 class=\"et-highlight-title \" style=\"font-size:12px;font-weight:700;line-height:26px;letter-spacing:0.5px;color:#ffffff;\" data-mobile-font=\"inherit\" data-tablet-font=\"inherit\"><span class=\"title-inner\">SCHIFFSREISEN JEDES JAHR<span class=\"highlight-line\" style=\"background-color:#ffffff;\"><\/span><\/span><\/h6>[\/vc_column_inner][vc_column_inner width=&#8220;1\/2&#8243; offset=&#8220;vc_col-lg-3 vc_col-md-3 vc_col-xs-12&#8243;]<div class=\"gap et-clearfix \" style=\"height:8px\"><\/div><p data-to=\"126\" class=\"et-counter et-clearfix\" style=\"font-size:48px;font-weight:400;line-height:56px;color:#212121;\"><span class=\"counter\"><\/span><\/p><h6 class=\"et-highlight-title \" style=\"font-size:12px;font-weight:700;line-height:26px;letter-spacing:0.5px;color:#ffffff;\" data-mobile-font=\"inherit\" data-tablet-font=\"inherit\"><span class=\"title-inner\">L\u00c4NDER<span class=\"highlight-line\" style=\"background-color:#ffffff;\"><\/span><\/span><\/h6>[\/vc_column_inner][vc_column_inner width=&#8220;1\/2&#8243; offset=&#8220;vc_col-lg-3 vc_col-md-3 vc_col-xs-12&#8243;]<div class=\"gap et-clearfix \" style=\"height:8px\"><\/div><p data-to=\"140\" class=\"et-counter et-clearfix\" style=\"font-size:48px;font-weight:400;line-height:56px;color:#212121;\"><span class=\"counter\"><\/span><\/p><h6 class=\"et-highlight-title \" style=\"font-size:12px;font-weight:700;line-height:26px;letter-spacing:0.5px;color:#ffffff;\" data-mobile-font=\"inherit\" data-tablet-font=\"inherit\"><span class=\"title-inner\">MEERFREIGHTS ZU JEDER ZEIT<span class=\"highlight-line\" style=\"background-color:#ffffff;\"><\/span><\/span><\/h6>[\/vc_column_inner][vc_column_inner width=&#8220;1\/2&#8243; offset=&#8220;vc_col-lg-3 vc_col-md-3 vc_col-xs-12&#8243;]<div class=\"gap et-clearfix \" style=\"height:8px\"><\/div><p data-to=\"198\" class=\"et-counter et-clearfix\" style=\"font-size:48px;font-weight:400;line-height:56px;color:#212121;\"><span class=\"counter\"><\/span><span class=\"prefix\">M<\/span><\/p><h6 class=\"et-highlight-title \" style=\"font-size:12px;font-weight:700;line-height:26px;letter-spacing:0.5px;color:#ffffff;\" data-mobile-font=\"inherit\" data-tablet-font=\"inherit\"><span class=\"title-inner\">J\u00c4HRLICH VERSANDTE TONNEN VON WAREN<span class=\"highlight-line\" style=\"background-color:#ffffff;\"><\/span><\/span><\/h6>[\/vc_column_inner][\/vc_row_inner]<\/div><\/div><\/div><div class=\"gap et-clearfix hide768\" style=\"height:48px\"><\/div><div class=\"gap et-clearfix hide767\" style=\"height:150px\"><\/div>[\/vc_column][\/vc_row][vc_section disable_element=&#8220;yes&#8220;][vc_row gap=&#8220;0&#8243; css=&#8220;.vc_custom_1531831207588{padding-top: 96px !important;}&#8220;][vc_column animation_delay=&#8220;0&#8243; offset=&#8220;vc_col-lg-6 vc_col-md-8 vc_col-xs-12&#8243;]<h6 class=\"et-highlight-title \" style=\"font-size:12px;font-weight:700;line-height:24px;letter-spacing:0.5px;color:#9a9a9a;\" data-mobile-font=\"inherit\" data-tablet-font=\"inherit\"><span class=\"title-inner\">GLOBAX TEAM<span class=\"highlight-line\" style=\"background-color:#fd8c40;\"><\/span><\/span><\/h6><h3 id=\"et-animated-title-2\" class=\"et-animated-title et-clearfix  words-direct\" data-mobile-font=\"32px\" data-tablet-font=\"inherit\" data-delay=\"100\" style=\"font-size:48px;font-weight:700;line-height:56px;color:#212121;\"><span class=\"text-wrapper\"><span class=\"text\">Meat the <span class=\"highlight\" style=\"color: #fd8c40;\">GLOBAX<\/span> team<\/span><\/span><\/h3>[\/vc_column][vc_column animation_delay=&#8220;0&#8243; width=&#8220;1\/2&#8243; offset=&#8220;vc_hidden-lg vc_hidden-md vc_hidden-sm vc_hidden-xs&#8220;][\/vc_column][\/vc_row][vc_row css_animation=&#8220;bottom-to-top&#8220; css=&#8220;.vc_custom_1532007951659{padding-top: 56px !important;padding-bottom: 0px !important;}&#8220;][vc_column animation_delay=&#8220;0&#8243; css_animation=&#8220;none&#8220; width=&#8220;1\/3&#8243;]<div id=\"et-person-1\" class=\"et-person\"><div class=\"overlay-hover\"><div class=\"image post-image\"><div class=\"image-container\"><img width=\"588\" height=\"588\" alt=\"\" src=\"https:\/\/fleetcapitalgroup.com\/wp-content\/uploads\/2018\/07\/person1-1.jpg\"><\/div><\/div><div class=\"et-social-links social-links full et-clearfix\"><a class=\"et-icon-google\" href=\"\/\/googleplus.com\"><\/a><a class=\"et-icon-facebook\" href=\"\/\/facebook.com\"><\/a><a class=\"et-icon-twitter\" href=\"\/\/twitter.com\"><\/a><a class=\"et-icon-email\" href=\"mailto:support@enovathemes.com\"><\/a><\/div><\/div><div class=\"stylish-box-wrapper et-clearfix under-image-content\"><div class=\"stylish-box\"><p class=\"person-subtitle stylish-dash\">Analytics<\/p><h5 class=\"person-title\">Alex Smith<\/h5><\/div><div class=\"stylish-box\"><a href=\"#\" class=\"et-button stylish-button small\">Contacts<\/a><\/div><\/div><\/div><div id=\"et-person-2\" class=\"et-person\"><div class=\"overlay-hover\"><div class=\"image post-image\"><div class=\"image-container\"><img width=\"588\" height=\"588\" alt=\"\" src=\"https:\/\/fleetcapitalgroup.com\/wp-content\/uploads\/2018\/07\/person4-1.jpg\"><\/div><\/div><div class=\"et-social-links social-links full et-clearfix\"><a class=\"et-icon-google\" href=\"\/\/googleplus.com\"><\/a><a class=\"et-icon-facebook\" href=\"\/\/facebook.com\"><\/a><a class=\"et-icon-twitter\" href=\"\/\/twitter.com\"><\/a><a class=\"et-icon-email\" href=\"mailto:support@enovathemes.com\"><\/a><\/div><\/div><div class=\"stylish-box-wrapper et-clearfix under-image-content\"><div class=\"stylish-box\"><p class=\"person-subtitle stylish-dash\">Marketing<\/p><h5 class=\"person-title\">Alex Richards<\/h5><\/div><div class=\"stylish-box\"><a href=\"#\" class=\"et-button stylish-button small\">Contacts<\/a><\/div><\/div><\/div>[\/vc_column][vc_column animation_delay=&#8220;0&#8243; css_animation=&#8220;none&#8220; width=&#8220;1\/3&#8243;]<div id=\"et-person-3\" class=\"et-person\"><div class=\"overlay-hover\"><div class=\"image post-image\"><div class=\"image-container\"><img width=\"588\" height=\"588\" alt=\"\" src=\"https:\/\/fleetcapitalgroup.com\/wp-content\/uploads\/2018\/07\/person2-1.jpg\"><\/div><\/div><div class=\"et-social-links social-links full et-clearfix\"><a class=\"et-icon-google\" href=\"\/\/googleplus.com\"><\/a><a class=\"et-icon-facebook\" href=\"\/\/facebook.com\"><\/a><a class=\"et-icon-twitter\" href=\"\/\/twitter.com\"><\/a><a class=\"et-icon-email\" href=\"mailto:support@enovathemes.com\"><\/a><\/div><\/div><div class=\"stylish-box-wrapper et-clearfix under-image-content\"><div class=\"stylish-box\"><p class=\"person-subtitle stylish-dash\">Finance<\/p><h5 class=\"person-title\">Lila Brown<\/h5><\/div><div class=\"stylish-box\"><a href=\"#\" class=\"et-button stylish-button small\">Contacts<\/a><\/div><\/div><\/div><div id=\"et-person-4\" class=\"et-person\"><div class=\"overlay-hover\"><div class=\"image post-image\"><div class=\"image-container\"><img width=\"588\" height=\"588\" alt=\"\" src=\"https:\/\/fleetcapitalgroup.com\/wp-content\/uploads\/2018\/07\/person6-1.jpg\"><\/div><\/div><div class=\"et-social-links social-links full et-clearfix\"><a class=\"et-icon-google\" href=\"\/\/googleplus.com\"><\/a><a class=\"et-icon-facebook\" href=\"\/\/facebook.com\"><\/a><a class=\"et-icon-twitter\" href=\"\/\/twitter.com\"><\/a><a class=\"et-icon-email\" href=\"mailto:support@enovathemes.com\"><\/a><\/div><\/div><div class=\"stylish-box-wrapper et-clearfix under-image-content\"><div class=\"stylish-box\"><p class=\"person-subtitle stylish-dash\">SEO manager<\/p><h5 class=\"person-title\">Michael Smith<\/h5><\/div><div class=\"stylish-box\"><a href=\"#\" class=\"et-button stylish-button small\">Contacts<\/a><\/div><\/div><\/div>[\/vc_column][vc_column animation_delay=&#8220;0&#8243; css_animation=&#8220;none&#8220; width=&#8220;1\/3&#8243;]<div id=\"et-person-5\" class=\"et-person\"><div class=\"overlay-hover\"><div class=\"image post-image\"><div class=\"image-container\"><img width=\"588\" height=\"588\" alt=\"\" src=\"https:\/\/fleetcapitalgroup.com\/wp-content\/uploads\/2018\/07\/person5-1.jpg\"><\/div><\/div><div class=\"et-social-links social-links full et-clearfix\"><a class=\"et-icon-google\" href=\"\/\/googleplus.com\"><\/a><a class=\"et-icon-facebook\" href=\"\/\/facebook.com\"><\/a><a class=\"et-icon-twitter\" href=\"\/\/twitter.com\"><\/a><a class=\"et-icon-email\" href=\"mailto:support@enovathemes.com\"><\/a><\/div><\/div><div class=\"stylish-box-wrapper et-clearfix under-image-content\"><div class=\"stylish-box\"><p class=\"person-subtitle stylish-dash\">Creative director<\/p><h5 class=\"person-title\">Samanta Brown<\/h5><\/div><div class=\"stylish-box\"><a href=\"#\" class=\"et-button stylish-button small\">Contacts<\/a><\/div><\/div><\/div><div id=\"et-person-6\" class=\"et-person\"><div class=\"overlay-hover\"><div class=\"image post-image\"><div class=\"image-container\"><img width=\"588\" height=\"588\" alt=\"\" src=\"https:\/\/fleetcapitalgroup.com\/wp-content\/uploads\/2018\/07\/person3-1.jpg\"><\/div><\/div><div class=\"et-social-links social-links full et-clearfix\"><a class=\"et-icon-google\" href=\"\/\/googleplus.com\"><\/a><a class=\"et-icon-facebook\" href=\"\/\/facebook.com\"><\/a><a class=\"et-icon-twitter\" href=\"\/\/twitter.com\"><\/a><a class=\"et-icon-email\" href=\"mailto:support@enovathemes.com\"><\/a><\/div><\/div><div class=\"stylish-box-wrapper et-clearfix under-image-content\"><div class=\"stylish-box\"><p class=\"person-subtitle stylish-dash\">Support<\/p><h5 class=\"person-title\">Simon Bond<\/h5><\/div><div class=\"stylish-box\"><a href=\"#\" class=\"et-button stylish-button small\">Contacts<\/a><\/div><\/div><\/div>[\/vc_column][\/vc_row][\/vc_section][vc_section disable_element=&#8220;yes&#8220;][vc_row gap=&#8220;0&#8243; css=&#8220;.vc_custom_1532007989907{padding-top: 72px !important;}&#8220;][vc_column animation_delay=&#8220;0&#8243; offset=&#8220;vc_col-lg-6 vc_col-md-8 vc_col-xs-12&#8243;]<h6 class=\"et-highlight-title \" style=\"font-size:12px;font-weight:700;line-height:24px;letter-spacing:0.5px;color:#9a9a9a;\" data-mobile-font=\"inherit\" data-tablet-font=\"inherit\"><span class=\"title-inner\">GLOBAX MOVIE<span class=\"highlight-line\" style=\"background-color:#fd8c40;\"><\/span><\/span><\/h6><h3 id=\"et-animated-title-3\" class=\"et-animated-title et-clearfix  words-direct\" data-mobile-font=\"32px\" data-tablet-font=\"inherit\" data-delay=\"100\" style=\"font-size:48px;font-weight:700;line-height:56px;color:#212121;\"><span class=\"text-wrapper\"><span class=\"text\">Corporate Movie<\/span><\/span><\/h3>[\/vc_column][vc_column animation_delay=&#8220;0&#8243; width=&#8220;1\/2&#8243; offset=&#8220;vc_hidden-lg vc_hidden-md vc_hidden-sm vc_hidden-xs&#8220;][\/vc_column][\/vc_row][vc_row gap=&#8220;0&#8243; css=&#8220;.vc_custom_1532007896307{padding-top: 0px !important;padding-bottom: 270px !important;}&#8220;][vc_column animation_delay=&#8220;0&#8243; css_animation=&#8220;bottom-to-top&#8220; offset=&#8220;vc_col-lg-10 vc_col-md-12 vc_col-xs-12&#8243;]<div class=\"gap et-clearfix \" style=\"height:8px\"><\/div>[vc_custom_heading text=&#8220;The Corporate Movie of the transport and logistics service provider Globax Logistics. GL not only moves goods and data, but also people who are connected to the orange network.&#8220; font_container=&#8220;tag:h6|font_size:18px|text_align:left|color:%23616161|line_height:28px&#8220; use_theme_fonts=&#8220;yes&#8220;][\/vc_column][vc_column animation_delay=&#8220;0&#8243; width=&#8220;1\/6&#8243; offset=&#8220;vc_hidden-lg vc_hidden-md vc_hidden-sm vc_hidden-xs&#8220;][\/vc_column][\/vc_row][vc_row full_width=&#8220;stretch_row&#8220; gap=&#8220;0&#8243; css=&#8220;.vc_custom_1532007618731{padding-bottom: 96px !important;background-color: #f5f5f5 !important;}&#8220;][vc_column animation_delay=&#8220;0&#8243; css_animation=&#8220;bottom-to-top&#8220; css=&#8220;.vc_custom_1532008094640{margin-top: -200px !important;}&#8220;]<a class=\"video-modal full\" href=\"\/\/www.youtube.com\/watch?v=sXYFwiYKQoc&amp;\"><img class=\"modal-player-image\" width=\"75\" height=\"75\" alt=\"\" src=\"https:\/\/fleetcapitalgroup.com\/wp-content\/themes\/globax\/images\/video_icon.svg\"><img width=\"1200\" height=\"800\" src=\"https:\/\/fleetcapitalgroup.com\/wp-content\/uploads\/2018\/07\/video.jpg\" alt=\"\"><\/a>[\/vc_column][\/vc_row][\/vc_section]<\/p>\n","protected":false},"excerpt":{"rendered":"<p>Leverage agile frameworks to provide a robust synopsis for high level overviews. Iterative approaches to corporate strategy foster collaborative thinking to further the overall value proposition. Organically grow the holistic world view of disruptive innovation via workplace diversity and empowerment.<\/p>\n","protected":false},"author":1,"featured_media":0,"parent":0,"menu_order":0,"comment_status":"closed","ping_status":"closed","template":"page-vc.php","meta":[],"_links":{"self":[{"href":"https:\/\/fleetcapitalgroup.com\/de\/wp-json\/wp\/v2\/pages\/15132"}],"collection":[{"href":"https:\/\/fleetcapitalgroup.com\/de\/wp-json\/wp\/v2\/pages"}],"about":[{"href":"https:\/\/fleetcapitalgroup.com\/de\/wp-json\/wp\/v2\/types\/page"}],"author":[{"embeddable":true,"href":"https:\/\/fleetcapitalgroup.com\/de\/wp-json\/wp\/v2\/users\/1"}],"replies":[{"embeddable":true,"href":"https:\/\/fleetcapitalgroup.com\/de\/wp-json\/wp\/v2\/comments?post=15132"}],"version-history":[{"count":3,"href":"https:\/\/fleetcapitalgroup.com\/de\/wp-json\/wp\/v2\/pages\/15132\/revisions"}],"predecessor-version":[{"id":15135,"href":"https:\/\/fleetcapitalgroup.com\/de\/wp-json\/wp\/v2\/pages\/15132\/revisions\/15135"}],"wp:attachment":[{"href":"https:\/\/fleetcapitalgroup.com\/de\/wp-json\/wp\/v2\/media?parent=15132"}],"curies":[{"name":"wp","href":"https:\/\/api.w.org\/{rel}","templated":true}]}}